{"id":680,"date":"2021-04-12T17:49:42","date_gmt":"2021-04-12T15:49:42","guid":{"rendered":"http:\/\/windrose-beratung.de\/?page_id=680"},"modified":"2021-05-19T12:32:09","modified_gmt":"2021-05-19T10:32:09","slug":"lebensberatung","status":"publish","type":"page","link":"https:\/\/windrose-beratung.de\/?page_id=680","title":{"rendered":"Lebensberatung"},"content":{"rendered":"\n<div class=\"wp-block-cover alignfull has-nv-c-1-background-color has-background-dim is-position-center-center\" style=\"min-height:575px\"><div class=\"wp-block-cover__inner-container\">\n<div class=\"wp-block-columns alignwide is-layout-flex wp-container-4\">\n<div class=\"wp-block-column is-layout-flow\" style=\"flex-basis:33.34%\">\n<p class=\"has-text-align-right has-nv-c-1-color has-nv-site-bg-background-color has-text-color has-background has-normal-font-size\"><em><strong>Eine Rose ist nicht etwas, was aufbl\u00fcht, sich \u00f6ffnet und verwelkt. Eine Rose \u2013 das sind keine Zust\u00e4nde die aufeinander folgen.<\/strong><\/em><\/p>\n\n\n\n<div style=\"height:100px\" aria-hidden=\"true\" class=\"wp-block-spacer\"><\/div>\n<\/div>\n\n\n\n<div class=\"wp-block-column is-layout-flow\" style=\"flex-basis:0\"><\/div>\n\n\n\n<div class=\"wp-block-column is-layout-flow\" style=\"flex-basis:60%\">\n<h1 class=\"wp-block-heading\">Lebensberatung<\/h1>\n\n\n\n<ul><li>Trennung &#8211; und was nun?<\/li><li>Bleiben oder neu anfangen?<\/li><li>Neuorientierung &#8211; was ist mein Potential?<\/li><li>Die Kinder sind aus dem Haus, neue Ziele noch nicht in Sicht?<\/li><\/ul>\n\n\n\n<p><strong>Je genauer Sich sich selbst kennen, desto einfacher f\u00e4llt es, Entscheidungen zu treffen.<\/strong><\/p>\n\n\n\n<p><strong>Ich begleite Sie gern!<\/strong><\/p>\n<\/div>\n<\/div>\n<\/div><\/div>\n\n\n\n<div class=\"wp-block-columns alignfull is-layout-flex wp-container-7\">\n<div class=\"wp-block-column is-layout-flow\" style=\"flex-basis:66.66%\"><\/div>\n\n\n\n<div class=\"wp-block-column is-vertically-aligned-center is-layout-flow\" style=\"flex-basis:33.33%\">\n<p class=\"has-text-align-right\" style=\"font-size:17px\"><\/p>\n<\/div>\n<\/div>\n\n\n\n<div class=\"wp-block-columns alignfull is-layout-flex wp-container-11\">\n<div class=\"wp-block-column is-vertically-aligned-top is-layout-flow\" style=\"flex-basis:27.78%\">\n<p class=\"has-text-align-right has-small-font-size\"><\/p>\n<\/div>\n\n\n\n<div class=\"wp-block-column is-layout-flow\" style=\"flex-basis:44.45%\">\n<p class=\"has-drop-cap\">Kennen Sie Ihre ganz eigene Art, die kleinen Wunder des Alltags zu genie\u00dfen? Sind Sie im Einklang mit Ihrem K\u00f6rper? Er besitzt seine eigene Sch\u00f6nheit, macht Sie als Mann oder als Frau unverwechselbar!<br>Einen Menschen wie Sie gibt es nur ein einziges Mal.<br>Erleben Sie Ihr Leben so, wie nur Sie es leben k\u00f6nnen? Durch alle Ihre Sinne, mit Ihrem Geist, Ihrer Seelenkraft, oder haben der Alltag und die t\u00e4glichen Pflichten Sie m\u00fcde gemacht?<br>Erinnern Sie sich an Ihre Lebenstr\u00e4ume, Ihre Sehnsucht?<br>Kennen Sie Ihr Potential?<br>Jeder Moment kann unendlichen Reichtum in sich bergen. Wenn wir im Gleichgewicht sind, \u00f6ffnen wir diesem Reichtum die T\u00fcr.<br>Intensiv erleben, sich selbst wieder sp\u00fcren, sich am eigenen Potential freuen und sinnvolle Lebensziele finden. Und gleich den ersten Schritt darauf zugehen.<\/p>\n\n\n\n<p><strong>Ich begleite Sie gern!<\/strong><\/p>\n\n\n\n<p>\u2026Sie finden, das klingt alles etwas verspielt und geht am Problem vorbei?<br>F\u00fchrende Genie\u00dfer raten: werden Sie mit Leichtigkeit ein Teil der L\u00f6sung \u2013 und das Problem verliert nach und nach an Schwerkraft!<\/p>\n<\/div>\n\n\n\n<div class=\"wp-block-column is-layout-flow\" style=\"flex-basis:27.78%\"><\/div>\n<\/div>\n\n\n\n<p><\/p>\n","protected":false},"excerpt":{"rendered":"<p>Kennen Sie Ihre ganz eigene Art, die kleinen Wunder des Alltags zu genie\u00dfen? Sind Sie im Einklang mit Ihrem K\u00f6rper? Er besitzt seine eigene Sch\u00f6nheit, macht Sie als Mann oder als Frau unverwechselbar!Einen Menschen wie Sie gibt es nur ein einziges Mal.Erleben Sie Ihr Leben so, wie nur Sie es leben k\u00f6nnen? Durch alle Ihre&hellip;&nbsp;<a href=\"https:\/\/windrose-beratung.de\/?page_id=680\" class=\"\" rel=\"bookmark\">Weiterlesen &raquo;<span class=\"screen-reader-text\">Lebensberatung<\/span><\/a><\/p>\n","protected":false},"author":3,"featured_media":0,"parent":66,"menu_order":0,"comment_status":"closed","ping_status":"closed","template":"page-templates\/template-pagebuilder-full-width.php","meta":{"neve_meta_sidebar":"default","neve_meta_container":"full-width","neve_meta_enable_content_width":"on","neve_meta_content_width":80,"neve_meta_title_alignment":"left","neve_meta_author_avatar":"","neve_post_elements_order":"","neve_meta_disable_header":"","neve_meta_disable_footer":"","neve_meta_disable_title":"on"},"yoast_head":"<!-- This site is optimized with the Yoast SEO plugin v20.7 - https:\/\/yoast.com\/wordpress\/plugins\/seo\/ -->\n<title>Lebensberatung - Psychologische Beratungspraxis Windrose<\/title>\n<meta name=\"robots\" content=\"index, follow, max-snippet:-1, max-image-preview:large, max-video-preview:-1\" \/>\n<link rel=\"canonical\" href=\"https:\/\/windrose-beratung.de\/?page_id=680\" \/>\n<meta property=\"og:locale\" content=\"de_DE\" \/>\n<meta property=\"og:type\" content=\"article\" \/>\n<meta property=\"og:title\" content=\"Lebensberatung - Psychologische Beratungspraxis Windrose\" \/>\n<meta property=\"og:description\" content=\"Kennen Sie Ihre ganz eigene Art, die kleinen Wunder des Alltags zu genie\u00dfen? Sind Sie im Einklang mit Ihrem K\u00f6rper? Er besitzt seine eigene Sch\u00f6nheit, macht Sie als Mann oder als Frau unverwechselbar!Einen Menschen wie Sie gibt es nur ein einziges Mal.Erleben Sie Ihr Leben so, wie nur Sie es leben k\u00f6nnen? Durch alle Ihre&hellip;&nbsp;Weiterlesen &raquo;Lebensberatung\" \/>\n<meta property=\"og:url\" content=\"https:\/\/windrose-beratung.de\/?page_id=680\" \/>\n<meta property=\"og:site_name\" content=\"Psychologische Beratungspraxis Windrose\" \/>\n<meta property=\"article:modified_time\" content=\"2021-05-19T10:32:09+00:00\" \/>\n<meta name=\"twitter:card\" content=\"summary_large_image\" \/>\n<meta name=\"twitter:label1\" content=\"Gesch\u00e4tzte Lesezeit\" \/>\n\t<meta name=\"twitter:data1\" content=\"1\u00a0Minute\" \/>\n<script type=\"application\/ld+json\" class=\"yoast-schema-graph\">{\"@context\":\"https:\/\/schema.org\",\"@graph\":[{\"@type\":\"WebPage\",\"@id\":\"https:\/\/windrose-beratung.de\/?page_id=680\",\"url\":\"https:\/\/windrose-beratung.de\/?page_id=680\",\"name\":\"Lebensberatung - Psychologische Beratungspraxis Windrose\",\"isPartOf\":{\"@id\":\"https:\/\/windrose-beratung.de\/#website\"},\"datePublished\":\"2021-04-12T15:49:42+00:00\",\"dateModified\":\"2021-05-19T10:32:09+00:00\",\"breadcrumb\":{\"@id\":\"https:\/\/windrose-beratung.de\/?page_id=680#breadcrumb\"},\"inLanguage\":\"de\",\"potentialAction\":[{\"@type\":\"ReadAction\",\"target\":[\"https:\/\/windrose-beratung.de\/?page_id=680\"]}]},{\"@type\":\"BreadcrumbList\",\"@id\":\"https:\/\/windrose-beratung.de\/?page_id=680#breadcrumb\",\"itemListElement\":[{\"@type\":\"ListItem\",\"position\":1,\"name\":\"Startseite\",\"item\":\"https:\/\/windrose-beratung.de\/\"},{\"@type\":\"ListItem\",\"position\":2,\"name\":\"Angebote\",\"item\":\"https:\/\/windrose-beratung.de\/?page_id=66\"},{\"@type\":\"ListItem\",\"position\":3,\"name\":\"Lebensberatung\"}]},{\"@type\":\"WebSite\",\"@id\":\"https:\/\/windrose-beratung.de\/#website\",\"url\":\"https:\/\/windrose-beratung.de\/\",\"name\":\"Psychologische Beratungspraxis Windrose\",\"description\":\"Dipl.P\u00e4d.\/Psych. Sigrun Wunderlich\",\"publisher\":{\"@id\":\"https:\/\/windrose-beratung.de\/#organization\"},\"potentialAction\":[{\"@type\":\"SearchAction\",\"target\":{\"@type\":\"EntryPoint\",\"urlTemplate\":\"https:\/\/windrose-beratung.de\/?s={search_term_string}\"},\"query-input\":\"required name=search_term_string\"}],\"inLanguage\":\"de\"},{\"@type\":\"Organization\",\"@id\":\"https:\/\/windrose-beratung.de\/#organization\",\"name\":\"Psychologische Beratungspraxis Windrose\",\"url\":\"https:\/\/windrose-beratung.de\/\",\"logo\":{\"@type\":\"ImageObject\",\"inLanguage\":\"de\",\"@id\":\"https:\/\/windrose-beratung.de\/#\/schema\/logo\/image\/\",\"url\":\"https:\/\/windrose-beratung.de\/wp-content\/uploads\/2021\/05\/windrose-logo.png\",\"contentUrl\":\"https:\/\/windrose-beratung.de\/wp-content\/uploads\/2021\/05\/windrose-logo.png\",\"width\":520,\"height\":519,\"caption\":\"Psychologische Beratungspraxis Windrose\"},\"image\":{\"@id\":\"https:\/\/windrose-beratung.de\/#\/schema\/logo\/image\/\"}}]}<\/script>\n<!-- \/ Yoast SEO plugin. -->","yoast_head_json":{"title":"Lebensberatung - Psychologische Beratungspraxis Windrose","robots":{"index":"index","follow":"follow","max-snippet":"max-snippet:-1","max-image-preview":"max-image-preview:large","max-video-preview":"max-video-preview:-1"},"canonical":"https:\/\/windrose-beratung.de\/?page_id=680","og_locale":"de_DE","og_type":"article","og_title":"Lebensberatung - Psychologische Beratungspraxis Windrose","og_description":"Kennen Sie Ihre ganz eigene Art, die kleinen Wunder des Alltags zu genie\u00dfen? Sind Sie im Einklang mit Ihrem K\u00f6rper? Er besitzt seine eigene Sch\u00f6nheit, macht Sie als Mann oder als Frau unverwechselbar!Einen Menschen wie Sie gibt es nur ein einziges Mal.Erleben Sie Ihr Leben so, wie nur Sie es leben k\u00f6nnen? Durch alle Ihre&hellip;&nbsp;Weiterlesen &raquo;Lebensberatung","og_url":"https:\/\/windrose-beratung.de\/?page_id=680","og_site_name":"Psychologische Beratungspraxis Windrose","article_modified_time":"2021-05-19T10:32:09+00:00","twitter_card":"summary_large_image","twitter_misc":{"Gesch\u00e4tzte Lesezeit":"1\u00a0Minute"},"schema":{"@context":"https:\/\/schema.org","@graph":[{"@type":"WebPage","@id":"https:\/\/windrose-beratung.de\/?page_id=680","url":"https:\/\/windrose-beratung.de\/?page_id=680","name":"Lebensberatung - Psychologische Beratungspraxis Windrose","isPartOf":{"@id":"https:\/\/windrose-beratung.de\/#website"},"datePublished":"2021-04-12T15:49:42+00:00","dateModified":"2021-05-19T10:32:09+00:00","breadcrumb":{"@id":"https:\/\/windrose-beratung.de\/?page_id=680#breadcrumb"},"inLanguage":"de","potentialAction":[{"@type":"ReadAction","target":["https:\/\/windrose-beratung.de\/?page_id=680"]}]},{"@type":"BreadcrumbList","@id":"https:\/\/windrose-beratung.de\/?page_id=680#breadcrumb","itemListElement":[{"@type":"ListItem","position":1,"name":"Startseite","item":"https:\/\/windrose-beratung.de\/"},{"@type":"ListItem","position":2,"name":"Angebote","item":"https:\/\/windrose-beratung.de\/?page_id=66"},{"@type":"ListItem","position":3,"name":"Lebensberatung"}]},{"@type":"WebSite","@id":"https:\/\/windrose-beratung.de\/#website","url":"https:\/\/windrose-beratung.de\/","name":"Psychologische Beratungspraxis Windrose","description":"Dipl.P\u00e4d.\/Psych. Sigrun Wunderlich","publisher":{"@id":"https:\/\/windrose-beratung.de\/#organization"},"potentialAction":[{"@type":"SearchAction","target":{"@type":"EntryPoint","urlTemplate":"https:\/\/windrose-beratung.de\/?s={search_term_string}"},"query-input":"required name=search_term_string"}],"inLanguage":"de"},{"@type":"Organization","@id":"https:\/\/windrose-beratung.de\/#organization","name":"Psychologische Beratungspraxis Windrose","url":"https:\/\/windrose-beratung.de\/","logo":{"@type":"ImageObject","inLanguage":"de","@id":"https:\/\/windrose-beratung.de\/#\/schema\/logo\/image\/","url":"https:\/\/windrose-beratung.de\/wp-content\/uploads\/2021\/05\/windrose-logo.png","contentUrl":"https:\/\/windrose-beratung.de\/wp-content\/uploads\/2021\/05\/windrose-logo.png","width":520,"height":519,"caption":"Psychologische Beratungspraxis Windrose"},"image":{"@id":"https:\/\/windrose-beratung.de\/#\/schema\/logo\/image\/"}}]}},"_links":{"self":[{"href":"https:\/\/windrose-beratung.de\/index.php?rest_route=\/wp\/v2\/pages\/680"}],"collection":[{"href":"https:\/\/windrose-beratung.de\/index.php?rest_route=\/wp\/v2\/pages"}],"about":[{"href":"https:\/\/windrose-beratung.de\/index.php?rest_route=\/wp\/v2\/types\/page"}],"author":[{"embeddable":true,"href":"https:\/\/windrose-beratung.de\/index.php?rest_route=\/wp\/v2\/users\/3"}],"replies":[{"embeddable":true,"href":"https:\/\/windrose-beratung.de\/index.php?rest_route=%2Fwp%2Fv2%2Fcomments&post=680"}],"version-history":[{"count":132,"href":"https:\/\/windrose-beratung.de\/index.php?rest_route=\/wp\/v2\/pages\/680\/revisions"}],"predecessor-version":[{"id":2323,"href":"https:\/\/windrose-beratung.de\/index.php?rest_route=\/wp\/v2\/pages\/680\/revisions\/2323"}],"up":[{"embeddable":true,"href":"https:\/\/windrose-beratung.de\/index.php?rest_route=\/wp\/v2\/pages\/66"}],"wp:attachment":[{"href":"https:\/\/windrose-beratung.de\/index.php?rest_route=%2Fwp%2Fv2%2Fmedia&parent=680"}],"curies":[{"name":"wp","href":"https:\/\/api.w.org\/{rel}","templated":true}]}}