{"id":666,"date":"2021-04-12T17:38:32","date_gmt":"2021-04-12T15:38:32","guid":{"rendered":"http:\/\/windrose-beratung.de\/?page_id=666"},"modified":"2021-05-18T09:15:50","modified_gmt":"2021-05-18T07:15:50","slug":"event-4u-ungewoehnlich-ermutigend","status":"publish","type":"page","link":"https:\/\/windrose-beratung.de\/?page_id=666","title":{"rendered":"Event 4u: ungew\u00f6hnlich ermutigend"},"content":{"rendered":"\n<div class=\"wp-block-cover alignfull has-background-dim has-background-gradient has-cool-to-warm-spectrum-gradient-background is-position-center-center\" style=\"min-height:575px\"><div class=\"wp-block-cover__inner-container\">\n<div class=\"wp-block-columns alignwide is-layout-flex wp-container-4\">\n<div class=\"wp-block-column is-layout-flow\" style=\"flex-basis:12%\">\n<div style=\"height:100px\" aria-hidden=\"true\" class=\"wp-block-spacer\"><\/div>\n<\/div>\n\n\n\n<div class=\"wp-block-column is-layout-flow\">\n<div style=\"height:100px\" aria-hidden=\"true\" class=\"wp-block-spacer\"><\/div>\n\n\n\n<p class=\"has-text-align-left has-text-color\" style=\"color:#fffffa;font-size:68px;line-height:1.2\">Event 4u: ungew\u00f6hnlich ermutigend<\/p>\n\n\n\n<p class=\"has-medium-font-size\"><strong><span class=\"has-inline-color has-nv-text-dark-bg-color\">Perspektivwechsel-Reflexion-Mentaltraining-Zukunftswerkstatt:<br>Impulse aus Kunst und Natur<\/span><\/strong><\/p>\n\n\n\n<p><\/p>\n\n\n\n<div style=\"height:100px\" aria-hidden=\"true\" class=\"wp-block-spacer\"><\/div>\n<\/div>\n\n\n\n<div class=\"wp-block-column is-layout-flow\" style=\"flex-basis:12%\">\n<div style=\"height:100px\" aria-hidden=\"true\" class=\"wp-block-spacer\"><\/div>\n<\/div>\n<\/div>\n<\/div><\/div>\n\n\n\n<div style=\"height:100px\" aria-hidden=\"true\" class=\"wp-block-spacer\"><\/div>\n\n\n\n<div class=\"wp-block-columns alignfull is-layout-flex wp-container-7\">\n<div class=\"wp-block-column is-layout-flow\" style=\"flex-basis:25%\"><\/div>\n\n\n\n<div class=\"wp-block-column is-layout-flow\" style=\"flex-basis:50%\">\n<p class=\"has-drop-cap\" id=\"block-9a91548e-1f96-4fac-800e-f4d779135a09\">Die eine brennende Frage, die du schon lange beantwortet haben wolltest. Eine existentiell wichtige Entscheidung, an der Du immer wieder neu herumdenkst. Ein Problem, das schon zu oft besprochen wurde. Etwas Ungel\u00f6stes in der Partnerschaft, das immer wieder f\u00fcr Streit sorgt.<br>Dar\u00fcber sprechen ist wichtig und wirkungsvoll. Aber manchmal dreht sich das Denken in einem Kreis aus Hilflosigkeit und \u00c4rger. Und das Gespr\u00e4ch dann auch.<\/p>\n\n\n\n<p id=\"block-bc7ad668-ac42-4fcd-85e8-1235deb5e89e\"><strong>Probiere etwas Neues &#8211; mit Freude und Fantasie neue L\u00f6sungen finden.<br><\/strong>Du findest, das klingt seltsam? Lustvoll mit Nichtwissen, Unsicherheit und Ungewissheit umgehen? Weil Probleme und Freude nicht zusammenpassen?<br>\ufeff<\/p>\n\n\n\n<p id=\"block-6792ebd6-c0c0-43c7-a04f-d6d2f9147160\">Das kann ich verstehen. Oftmals ist es so. Belastend. Erm\u00fcdend. Eine endlose M\u00fchle. Hat mich selbst genervt. Deswegen habe ich mir einen anderen Weg ausgedacht. Was spricht dagegen, genussvoll im Such-und-Finde-Prozess voranzukommen? Spielerischen Zugang zu deinen Lebensfragen zu finden?<\/p>\n\n\n\n<p id=\"block-503563ca-1908-45c6-bff6-855fe68d21b4\">Du kannst unerwartete L\u00f6sungen finden, wenn du eine \u00fcberraschende Perspektive bekommst. Ungew\u00f6hnlich ermutigend: eine Verbindung aus kreativen \u00dcbungen, Musik, ausgew\u00e4hlten Texten, inspirierender Naturerfahrung und einem Tick \u00dcberraschung bringt dich in eine ungewohnte Situation, schenkt dir einen neuen Blick auf dich selbst und regt dich an. Wie w\u00e4re es, ausgetretene Gedankenwege zu verlassen? Du erf\u00e4hrst am Anfang des L\u00f6sungsprozesses die unterst\u00fctzende Kraft des Wortes, der Musik, der Kunst und der Natur \u2013 heilsame Sch\u00f6nheit<\/p>\n\n\n\n<p id=\"block-07c38b11-1ffd-4c61-97ec-ba5d1a8c7384\"><strong>So l\u00e4uft es ab:<\/strong><\/p>\n\n\n\n<p id=\"block-1477ac0b-3bb2-418b-a967-ed9da15d80e6\"><strong>Vorgespr\u00e4ch:<\/strong> ein kurzes, gern virtuelles Treffen. Du sagst mir, wof\u00fcr du eine L\u00f6sung finden willst. Du bekommst eine Liste mit den Namen der Micro-Events. W\u00e4hle den, der dich am meisten anspricht, ohne viel Nachdenken. Und ich werde dich bitten, einen Fragebogen auszuf\u00fcllen, den du mir zur\u00fcckmailst. Aus deinen Informationen komponiere ich dein Event4u.<\/p>\n\n\n\n<p id=\"block-bf6649e0-e48e-440a-96fc-c3bc6a0404e6\"><strong>Event 4u:<\/strong>Nehmen wir an, Dein Problem lautet: \u201eWie sieht meine berufliche Zukunft aus?\u201c und Du hast den Event \u201e Zur\u00fcck zur Quelle\u201c gew\u00e4hlt.<\/p>\n\n\n\n<p id=\"block-74789170-2b69-4ac1-b53e-06a4d7f41229\">Wir treffen uns an einem Parkplatz. An einem anregenden Ort gibt es einen zu Dir passenden Starter: ein Gedicht, einen Text, Musik\u2026<\/p>\n\n\n\n<p id=\"block-19bbdc41-fbb3-42c0-94a4-d3405f24b8c9\">Dann werden wir gemeinsam einen Bach entlang zu seiner Quelle gehen. Unterwegs warten ein paar kleine Aufgaben auf dich. Zum Beispiel durch den Bach waten. Wichtig ist \u00fcbrigens nicht, ob du es tust. Wichtig ist, wie du reagierst, wie du entscheidest, wie du im Gespr\u00e4ch dein Handeln reflektierst und welches Potential dabei sichtbar wird. An der Quelle werden wir erst einmal schweigen, um das Erlebte zu verankern. Eine \u00dcberraschung setzt dann noch einmal neue Akzente.<\/p>\n\n\n\n<p id=\"block-29c12897-d712-4648-89ac-7930f35face7\">Danach: Feedbackrunde mit Elementen aus der Zukunftswerkstatt-Technik. Nach einem kurzen Mentaltraining nimmst du dir unter einem erweiterten Blickwinkel deine Frage noch einmal vor. Du wirst feststellen, dass du mental und emotional beweglicher bist und damit gr\u00f6\u00dfere Chancen hast, eine L\u00f6sung zu finden, die zu dir passt. Vielleicht taucht eine erste Idee auf, und die endg\u00fcltige Entscheidung f\u00e4llt morgen, nachdem du dar\u00fcber geschlafen hast<\/p>\n\n\n\n<p id=\"block-6d6a73bf-0518-4183-86de-b8085000dda7\">Ein Minipicknick schlie\u00dft das Event4u ab. Wir feiern deine L\u00f6sungsidee.<\/p>\n\n\n\n<p id=\"block-0658c66e-49ea-4334-b96d-da1a29b01b6d\"><strong>Du willst es genau wissen: warum funktioniert Event 4u?<\/strong><\/p>\n\n\n\n<p id=\"block-386a6a4b-0c54-4abd-8593-25ff11631deb\">Normalerweise versuchen wir, bekannte Fakten aus der Vergangenheit zu neuen L\u00f6sungen zu verkn\u00fcpfen. Auf immer dieselbe Weise. Dass das ziemlich unlogisch ist und nicht wirklich erfolgreich sein kann, f\u00e4llt uns gar nicht auf. Meistens verkrampfen wir sowieso dabei. Weil es keinen Spa\u00df macht. Und ein schlechtes Gewissen. Sich unangenehm anf\u00fchlt. Und die Ergebnisse \u2013 naja, geht so.<\/p>\n\n\n\n<p id=\"block-8f85ebba-9dc1-4c6f-be2d-c82c26b4d779\">Deshalb tun wir bei E<strong>vent4u<\/strong> erst einmal so, als g\u00e4be es gar kein Problem, und wir h\u00e4tten alle Zeit der Welt, um zu genie\u00dfen. Hey! Wer sagt denn, dass es immer gruselig und bedr\u00fcckend sein muss, wichtige Entscheidungen zu treffen?<\/p>\n\n\n\n<p id=\"block-bcde2c59-1fb4-4748-99d7-ba4b871019a4\"><strong>Event4u <\/strong>ist ein Impuls, andere Wege zu gehen, um zu neuen L\u00f6sungen zu kommen. Wir finden einen spielerischen Zugang zu deinen Lebensfragen und lenken dich vom Gr\u00fcbeln ab. Wir aktivieren deine positiven Emotionen, deine Kreativit\u00e4t, deine Lebensfreude und deine Achtsamkeit. Du gewinnst Erkenntnis durch ein angenehm anregendes Erlebnis. Deine Gedanken und Gef\u00fchle wachen auf. Drau\u00dfen in der Natur zu sein, hilft dir, aufzutanken und neue Lebenskraft zu sp\u00fcren. Stark wie ein Baum und voller Energie wie der Wasserfall vor uns! Dann verbindest du best\u00e4rkende Erinnerungen mit Zukunftsvisionen und erz\u00e4hlst dir selbst deine Geschichte neu, indem du sie mir erz\u00e4hlst.<\/p>\n\n\n\n<p id=\"block-160d91bd-558d-484a-8582-c34716e31877\">Kann sein, dass es in meinem Feedback danach gar nicht so viel Unbekanntes f\u00fcr dich gibt: oftmals f\u00e4llt uns selbst gar nicht auf, welches Potential in dem steckt, was f\u00fcr uns selbstverst\u00e4ndlich scheint. Manchmal best\u00e4rkt uns eine Best\u00e4tigung durch jemand anderen entscheidend. Alles zusammen unterst\u00fctzt dich, deine Situation anders zu bewerten und es dir zu erlauben, dass es gut werden darf.<\/p>\n\n\n\n<p id=\"block-731b9762-4832-434c-9610-ca08d7c66fea\">Daran zu glauben, dass du das Richtige f\u00fcr dich finden wirst. Das kannst du n\u00e4mlich. Freude ist ein unglaublich kraftvoller Motor. Event4u w\u00fcrde ihn gerne anwerfen helfen!<\/p>\n\n\n\n<p id=\"block-2b13d59b-a976-44c3-8b7e-f4a781a16281\"><strong>Wenn du m\u00f6chtest, zeichnen wir unsere Gespr\u00e4che w\u00e4hrend Event4u auf. F\u00fcr sp\u00e4ter.<\/strong><\/p>\n<\/div>\n<\/div>\n\n\n\n<div style=\"height:100px\" aria-hidden=\"true\" class=\"wp-block-spacer\"><\/div>\n","protected":false},"excerpt":{"rendered":"<p>Die eine brennende Frage, die du schon lange beantwortet haben wolltest. Eine existentiell wichtige Entscheidung, an der Du immer wieder neu herumdenkst. Ein Problem, das schon zu oft besprochen wurde. Etwas Ungel\u00f6stes in der Partnerschaft, das immer wieder f\u00fcr Streit sorgt.Dar\u00fcber sprechen ist wichtig und wirkungsvoll. Aber manchmal dreht sich das Denken in einem Kreis&hellip;&nbsp;<a href=\"https:\/\/windrose-beratung.de\/?page_id=666\" class=\"\" rel=\"bookmark\">Weiterlesen &raquo;<span class=\"screen-reader-text\">Event 4u: ungew\u00f6hnlich ermutigend<\/span><\/a><\/p>\n","protected":false},"author":3,"featured_media":0,"parent":0,"menu_order":0,"comment_status":"closed","ping_status":"closed","template":"","meta":{"neve_meta_sidebar":"full-width","neve_meta_container":"full-width","neve_meta_enable_content_width":"on","neve_meta_content_width":80,"neve_meta_title_alignment":"","neve_meta_author_avatar":"","neve_post_elements_order":"","neve_meta_disable_header":"","neve_meta_disable_footer":"","neve_meta_disable_title":"on"},"yoast_head":"<!-- This site is optimized with the Yoast SEO plugin v20.7 - https:\/\/yoast.com\/wordpress\/plugins\/seo\/ -->\n<title>Event 4u: ungew\u00f6hnlich ermutigend - Psychologische Beratungspraxis Windrose<\/title>\n<meta name=\"robots\" content=\"index, follow, max-snippet:-1, max-image-preview:large, max-video-preview:-1\" \/>\n<link rel=\"canonical\" href=\"https:\/\/windrose-beratung.de\/?page_id=666\" \/>\n<meta property=\"og:locale\" content=\"de_DE\" \/>\n<meta property=\"og:type\" content=\"article\" \/>\n<meta property=\"og:title\" content=\"Event 4u: ungew\u00f6hnlich ermutigend - Psychologische Beratungspraxis Windrose\" \/>\n<meta property=\"og:description\" content=\"Die eine brennende Frage, die du schon lange beantwortet haben wolltest. Eine existentiell wichtige Entscheidung, an der Du immer wieder neu herumdenkst. Ein Problem, das schon zu oft besprochen wurde. Etwas Ungel\u00f6stes in der Partnerschaft, das immer wieder f\u00fcr Streit sorgt.Dar\u00fcber sprechen ist wichtig und wirkungsvoll. Aber manchmal dreht sich das Denken in einem Kreis&hellip;&nbsp;Weiterlesen &raquo;Event 4u: ungew\u00f6hnlich ermutigend\" \/>\n<meta property=\"og:url\" content=\"https:\/\/windrose-beratung.de\/?page_id=666\" \/>\n<meta property=\"og:site_name\" content=\"Psychologische Beratungspraxis Windrose\" \/>\n<meta property=\"article:modified_time\" content=\"2021-05-18T07:15:50+00:00\" \/>\n<meta name=\"twitter:card\" content=\"summary_large_image\" \/>\n<meta name=\"twitter:label1\" content=\"Gesch\u00e4tzte Lesezeit\" \/>\n\t<meta name=\"twitter:data1\" content=\"4\u00a0Minuten\" \/>\n<script type=\"application\/ld+json\" class=\"yoast-schema-graph\">{\"@context\":\"https:\/\/schema.org\",\"@graph\":[{\"@type\":\"WebPage\",\"@id\":\"https:\/\/windrose-beratung.de\/?page_id=666\",\"url\":\"https:\/\/windrose-beratung.de\/?page_id=666\",\"name\":\"Event 4u: ungew\u00f6hnlich ermutigend - Psychologische Beratungspraxis Windrose\",\"isPartOf\":{\"@id\":\"https:\/\/windrose-beratung.de\/#website\"},\"datePublished\":\"2021-04-12T15:38:32+00:00\",\"dateModified\":\"2021-05-18T07:15:50+00:00\",\"breadcrumb\":{\"@id\":\"https:\/\/windrose-beratung.de\/?page_id=666#breadcrumb\"},\"inLanguage\":\"de\",\"potentialAction\":[{\"@type\":\"ReadAction\",\"target\":[\"https:\/\/windrose-beratung.de\/?page_id=666\"]}]},{\"@type\":\"BreadcrumbList\",\"@id\":\"https:\/\/windrose-beratung.de\/?page_id=666#breadcrumb\",\"itemListElement\":[{\"@type\":\"ListItem\",\"position\":1,\"name\":\"Startseite\",\"item\":\"https:\/\/windrose-beratung.de\/\"},{\"@type\":\"ListItem\",\"position\":2,\"name\":\"Event 4u: ungew\u00f6hnlich ermutigend\"}]},{\"@type\":\"WebSite\",\"@id\":\"https:\/\/windrose-beratung.de\/#website\",\"url\":\"https:\/\/windrose-beratung.de\/\",\"name\":\"Psychologische Beratungspraxis Windrose\",\"description\":\"Dipl.P\u00e4d.\/Psych. Sigrun Wunderlich\",\"publisher\":{\"@id\":\"https:\/\/windrose-beratung.de\/#organization\"},\"potentialAction\":[{\"@type\":\"SearchAction\",\"target\":{\"@type\":\"EntryPoint\",\"urlTemplate\":\"https:\/\/windrose-beratung.de\/?s={search_term_string}\"},\"query-input\":\"required name=search_term_string\"}],\"inLanguage\":\"de\"},{\"@type\":\"Organization\",\"@id\":\"https:\/\/windrose-beratung.de\/#organization\",\"name\":\"Psychologische Beratungspraxis Windrose\",\"url\":\"https:\/\/windrose-beratung.de\/\",\"logo\":{\"@type\":\"ImageObject\",\"inLanguage\":\"de\",\"@id\":\"https:\/\/windrose-beratung.de\/#\/schema\/logo\/image\/\",\"url\":\"https:\/\/windrose-beratung.de\/wp-content\/uploads\/2021\/05\/windrose-logo.png\",\"contentUrl\":\"https:\/\/windrose-beratung.de\/wp-content\/uploads\/2021\/05\/windrose-logo.png\",\"width\":520,\"height\":519,\"caption\":\"Psychologische Beratungspraxis Windrose\"},\"image\":{\"@id\":\"https:\/\/windrose-beratung.de\/#\/schema\/logo\/image\/\"}}]}<\/script>\n<!-- \/ Yoast SEO plugin. -->","yoast_head_json":{"title":"Event 4u: ungew\u00f6hnlich ermutigend - Psychologische Beratungspraxis Windrose","robots":{"index":"index","follow":"follow","max-snippet":"max-snippet:-1","max-image-preview":"max-image-preview:large","max-video-preview":"max-video-preview:-1"},"canonical":"https:\/\/windrose-beratung.de\/?page_id=666","og_locale":"de_DE","og_type":"article","og_title":"Event 4u: ungew\u00f6hnlich ermutigend - Psychologische Beratungspraxis Windrose","og_description":"Die eine brennende Frage, die du schon lange beantwortet haben wolltest. Eine existentiell wichtige Entscheidung, an der Du immer wieder neu herumdenkst. Ein Problem, das schon zu oft besprochen wurde. Etwas Ungel\u00f6stes in der Partnerschaft, das immer wieder f\u00fcr Streit sorgt.Dar\u00fcber sprechen ist wichtig und wirkungsvoll. Aber manchmal dreht sich das Denken in einem Kreis&hellip;&nbsp;Weiterlesen &raquo;Event 4u: ungew\u00f6hnlich ermutigend","og_url":"https:\/\/windrose-beratung.de\/?page_id=666","og_site_name":"Psychologische Beratungspraxis Windrose","article_modified_time":"2021-05-18T07:15:50+00:00","twitter_card":"summary_large_image","twitter_misc":{"Gesch\u00e4tzte Lesezeit":"4\u00a0Minuten"},"schema":{"@context":"https:\/\/schema.org","@graph":[{"@type":"WebPage","@id":"https:\/\/windrose-beratung.de\/?page_id=666","url":"https:\/\/windrose-beratung.de\/?page_id=666","name":"Event 4u: ungew\u00f6hnlich ermutigend - Psychologische Beratungspraxis Windrose","isPartOf":{"@id":"https:\/\/windrose-beratung.de\/#website"},"datePublished":"2021-04-12T15:38:32+00:00","dateModified":"2021-05-18T07:15:50+00:00","breadcrumb":{"@id":"https:\/\/windrose-beratung.de\/?page_id=666#breadcrumb"},"inLanguage":"de","potentialAction":[{"@type":"ReadAction","target":["https:\/\/windrose-beratung.de\/?page_id=666"]}]},{"@type":"BreadcrumbList","@id":"https:\/\/windrose-beratung.de\/?page_id=666#breadcrumb","itemListElement":[{"@type":"ListItem","position":1,"name":"Startseite","item":"https:\/\/windrose-beratung.de\/"},{"@type":"ListItem","position":2,"name":"Event 4u: ungew\u00f6hnlich ermutigend"}]},{"@type":"WebSite","@id":"https:\/\/windrose-beratung.de\/#website","url":"https:\/\/windrose-beratung.de\/","name":"Psychologische Beratungspraxis Windrose","description":"Dipl.P\u00e4d.\/Psych. Sigrun Wunderlich","publisher":{"@id":"https:\/\/windrose-beratung.de\/#organization"},"potentialAction":[{"@type":"SearchAction","target":{"@type":"EntryPoint","urlTemplate":"https:\/\/windrose-beratung.de\/?s={search_term_string}"},"query-input":"required name=search_term_string"}],"inLanguage":"de"},{"@type":"Organization","@id":"https:\/\/windrose-beratung.de\/#organization","name":"Psychologische Beratungspraxis Windrose","url":"https:\/\/windrose-beratung.de\/","logo":{"@type":"ImageObject","inLanguage":"de","@id":"https:\/\/windrose-beratung.de\/#\/schema\/logo\/image\/","url":"https:\/\/windrose-beratung.de\/wp-content\/uploads\/2021\/05\/windrose-logo.png","contentUrl":"https:\/\/windrose-beratung.de\/wp-content\/uploads\/2021\/05\/windrose-logo.png","width":520,"height":519,"caption":"Psychologische Beratungspraxis Windrose"},"image":{"@id":"https:\/\/windrose-beratung.de\/#\/schema\/logo\/image\/"}}]}},"_links":{"self":[{"href":"https:\/\/windrose-beratung.de\/index.php?rest_route=\/wp\/v2\/pages\/666"}],"collection":[{"href":"https:\/\/windrose-beratung.de\/index.php?rest_route=\/wp\/v2\/pages"}],"about":[{"href":"https:\/\/windrose-beratung.de\/index.php?rest_route=\/wp\/v2\/types\/page"}],"author":[{"embeddable":true,"href":"https:\/\/windrose-beratung.de\/index.php?rest_route=\/wp\/v2\/users\/3"}],"replies":[{"embeddable":true,"href":"https:\/\/windrose-beratung.de\/index.php?rest_route=%2Fwp%2Fv2%2Fcomments&post=666"}],"version-history":[{"count":26,"href":"https:\/\/windrose-beratung.de\/index.php?rest_route=\/wp\/v2\/pages\/666\/revisions"}],"predecessor-version":[{"id":2326,"href":"https:\/\/windrose-beratung.de\/index.php?rest_route=\/wp\/v2\/pages\/666\/revisions\/2326"}],"wp:attachment":[{"href":"https:\/\/windrose-beratung.de\/index.php?rest_route=%2Fwp%2Fv2%2Fmedia&parent=666"}],"curies":[{"name":"wp","href":"https:\/\/api.w.org\/{rel}","templated":true}]}}