{"id":64,"date":"2021-03-10T13:39:47","date_gmt":"2021-03-10T12:39:47","guid":{"rendered":"http:\/\/windrose-beratung.de\/?page_id=64"},"modified":"2021-06-02T11:55:59","modified_gmt":"2021-06-02T09:55:59","slug":"arbeitsweise","status":"publish","type":"page","link":"https:\/\/windrose-beratung.de\/?page_id=64","title":{"rendered":"Arbeitsweise"},"content":{"rendered":"\n<p><\/p>\n\n\n\n<div class=\"wp-block-cover alignfull has-nv-text-dark-bg-background-color has-background-dim has-background-gradient has-light-green-cyan-to-vivid-green-cyan-gradient-background is-position-center-center\" style=\"min-height:645px\"><div class=\"wp-block-cover__inner-container\">\n<div class=\"wp-block-columns alignwide is-layout-flex wp-container-3\">\n<div class=\"wp-block-column is-layout-flow\">\n<div style=\"height:160px\" aria-hidden=\"true\" class=\"wp-block-spacer\"><\/div>\n\n\n\n<h1 class=\"has-nv-site-bg-color has-text-color wp-block-heading\" style=\"font-size:50px\"><strong>Sie sind einzigartig.<\/strong><\/h1>\n\n\n\n<h3 class=\"has-nv-site-bg-color has-text-color wp-block-heading\" style=\"font-size:22px\"><strong>Deshalb&nbsp;stelle ich f\u00fcr Sie ein individuelles Beratungskonzept zusammen. Wenn Sie es w\u00fcnschen, mit Ihnen gemeinsam.<\/strong><\/h3>\n<\/div>\n\n\n\n<div class=\"wp-block-column is-layout-flow\" style=\"flex-basis:12%\">\n<div style=\"height:100px\" aria-hidden=\"true\" class=\"wp-block-spacer\"><\/div>\n<\/div>\n<\/div>\n\n\n\n<div class=\"wp-block-columns is-layout-flex wp-container-5\">\n<div class=\"wp-block-column is-layout-flow\">\n<hr class=\"wp-block-separator has-text-color has-background has-nv-site-bg-background-color has-nv-site-bg-color is-style-default\"\/>\n<\/div>\n<\/div>\n<\/div><\/div>\n\n\n\n<div style=\"height:93px\" aria-hidden=\"true\" class=\"wp-block-spacer\"><\/div>\n\n\n\n<div class=\"wp-block-columns is-layout-flex wp-container-8\">\n<div class=\"wp-block-column is-layout-flow\" style=\"flex-basis:25%\"><\/div>\n\n\n\n<div class=\"wp-block-column is-layout-flow\" style=\"flex-basis:50%\">\n<p style=\"font-size:18px\">Arbeitsweise<\/p>\n\n\n\n<h2 class=\"wp-block-heading\">1. Basics:<\/h2>\n\n\n\n<ul id=\"block-ed3d46ee-946f-4738-acfd-9b7ea0db0105\"><li><strong>Pr\u00e4zise Planung<\/strong>&nbsp; am Anfang der Sitzung<\/li><li><strong>&nbsp;Analyse&nbsp;der letzten Erfahrungen<\/strong>&nbsp;&nbsp;<\/li><li><strong>30%<\/strong>&nbsp;der Aufmerksamkeit&nbsp; f\u00fcr das&nbsp;<strong>Problem, 70%<\/strong>&nbsp;f\u00fcr die&nbsp;<strong>L\u00f6sung<\/strong><\/li><li>Sie bekommen&nbsp;<strong>\u201eHausaufgaben&#8220;<\/strong>&nbsp;als Hilfe zur<strong>&nbsp;Selbsthilfe<\/strong><\/li><li><strong>Perspektivenwechsel &#8211; es gibt mehr als nur einen Blickwinkel<\/strong><\/li><li><strong>&nbsp;Zusammenfassung der wichtigsten Gedanken<\/strong>&nbsp;am Schluss der Stunde<\/li><li>Ein kurzes&nbsp;<strong>Ged\u00e4chtnisprotokoll<\/strong>&nbsp;zum Nacharbeiten bekommen Sie per email<\/li><\/ul>\n\n\n\n<div style=\"height:33px\" aria-hidden=\"true\" class=\"wp-block-spacer\"><\/div>\n\n\n\n<h3 class=\"wp-block-heading\">2. Erweiterungsmodule:<\/h3>\n\n\n\n<ul><li>\u00dcbungen aus dem&nbsp;<strong>Autogenen und mentalen Training<\/strong>: sie richten den inneren Kompass aus, wecken die Lebensfreude, vermitteln&nbsp; Ruhe und aktivieren die Kraft Ihres Willens<\/li><li>Ein&nbsp;<strong>Profil Ihrer St\u00e4rken<\/strong>&nbsp;motiviert Sie von Innen heraus, regt Sie an zu sch\u00f6pferischer Lebensplanung<\/li><li>Die Hand ist das Werkzeug der Seele:&nbsp;<strong>kunsttherapeutische Elemente<\/strong>&nbsp;\u00f6ffnen sanft den Zugang zum Unbewussten,<\/li><li><strong>Achtsamkeits\u00fcbungen<\/strong>&nbsp;nach Charlotte Selver (sensory awareness) machen wach f\u00fcr die kleinen Wunder des Alltags<\/li><li><strong style=\"color: var(--nv-text-color); font-family: Graphik,-apple-system,BlinkMacSystemFont,Segoe UI,var(--nv-fallback-ff); letter-spacing: 0px; background-color: var(--nv-site-bg);\">Kl\u00e4rungsprozesse<\/strong><span style=\"color: var(--nv-text-color); font-family: Graphik,-apple-system,BlinkMacSystemFont,Segoe UI,var(--nv-fallback-ff); letter-spacing: 0px; background-color: var(--nv-site-bg);\">&nbsp;sind f\u00fcr Sie am besten in Bewegung denkbar? Ich bin dabei &#8211; zu Fu\u00df, am Fahrrad, im Sportflugzeug\u2026<\/span><\/li><\/ul>\n\n\n\n<p><\/p>\n\n\n\n<p><\/p>\n<\/div>\n<\/div>\n\n\n\n<div class=\"wp-block-columns are-vertically-aligned-top is-layout-flex wp-container-10\">\n<div class=\"wp-block-column is-layout-flow\"><\/div>\n<\/div>\n\n\n\n<p><\/p>\n","protected":false},"excerpt":{"rendered":"<p>Arbeitsweise 1. Basics: Pr\u00e4zise Planung&nbsp; am Anfang der Sitzung &nbsp;Analyse&nbsp;der letzten Erfahrungen&nbsp;&nbsp; 30%&nbsp;der Aufmerksamkeit&nbsp; f\u00fcr das&nbsp;Problem, 70%&nbsp;f\u00fcr die&nbsp;L\u00f6sung Sie bekommen&nbsp;\u201eHausaufgaben&#8220;&nbsp;als Hilfe zur&nbsp;Selbsthilfe Perspektivenwechsel &#8211; es gibt mehr als nur einen Blickwinkel &nbsp;Zusammenfassung der wichtigsten Gedanken&nbsp;am Schluss der Stunde Ein kurzes&nbsp;Ged\u00e4chtnisprotokoll&nbsp;zum Nacharbeiten bekommen Sie per email 2. Erweiterungsmodule: \u00dcbungen aus dem&nbsp;Autogenen und mentalen Training: sie richten&hellip;&nbsp;<a href=\"https:\/\/windrose-beratung.de\/?page_id=64\" class=\"\" rel=\"bookmark\">Weiterlesen &raquo;<span class=\"screen-reader-text\">Arbeitsweise<\/span><\/a><\/p>\n","protected":false},"author":3,"featured_media":0,"parent":0,"menu_order":0,"comment_status":"closed","ping_status":"closed","template":"","meta":{"neve_meta_sidebar":"default","neve_meta_container":"full-width","neve_meta_enable_content_width":"on","neve_meta_content_width":80,"neve_meta_title_alignment":"","neve_meta_author_avatar":"","neve_post_elements_order":"","neve_meta_disable_header":"","neve_meta_disable_footer":"","neve_meta_disable_title":"on"},"yoast_head":"<!-- This site is optimized with the Yoast SEO plugin v20.7 - https:\/\/yoast.com\/wordpress\/plugins\/seo\/ -->\n<title>Arbeitsweise - Psychologische Beratungspraxis Windrose<\/title>\n<meta name=\"robots\" content=\"index, follow, max-snippet:-1, max-image-preview:large, max-video-preview:-1\" \/>\n<link rel=\"canonical\" href=\"https:\/\/windrose-beratung.de\/?page_id=64\" \/>\n<meta property=\"og:locale\" content=\"de_DE\" \/>\n<meta property=\"og:type\" content=\"article\" \/>\n<meta property=\"og:title\" content=\"Arbeitsweise - Psychologische Beratungspraxis Windrose\" \/>\n<meta property=\"og:description\" content=\"Arbeitsweise 1. Basics: Pr\u00e4zise Planung&nbsp; am Anfang der Sitzung &nbsp;Analyse&nbsp;der letzten Erfahrungen&nbsp;&nbsp; 30%&nbsp;der Aufmerksamkeit&nbsp; f\u00fcr das&nbsp;Problem, 70%&nbsp;f\u00fcr die&nbsp;L\u00f6sung Sie bekommen&nbsp;\u201eHausaufgaben&#8220;&nbsp;als Hilfe zur&nbsp;Selbsthilfe Perspektivenwechsel &#8211; es gibt mehr als nur einen Blickwinkel &nbsp;Zusammenfassung der wichtigsten Gedanken&nbsp;am Schluss der Stunde Ein kurzes&nbsp;Ged\u00e4chtnisprotokoll&nbsp;zum Nacharbeiten bekommen Sie per email 2. Erweiterungsmodule: \u00dcbungen aus dem&nbsp;Autogenen und mentalen Training: sie richten&hellip;&nbsp;Weiterlesen &raquo;Arbeitsweise\" \/>\n<meta property=\"og:url\" content=\"https:\/\/windrose-beratung.de\/?page_id=64\" \/>\n<meta property=\"og:site_name\" content=\"Psychologische Beratungspraxis Windrose\" \/>\n<meta property=\"article:modified_time\" content=\"2021-06-02T09:55:59+00:00\" \/>\n<meta name=\"twitter:card\" content=\"summary_large_image\" \/>\n<meta name=\"twitter:label1\" content=\"Gesch\u00e4tzte Lesezeit\" \/>\n\t<meta name=\"twitter:data1\" content=\"1\u00a0Minute\" \/>\n<script type=\"application\/ld+json\" class=\"yoast-schema-graph\">{\"@context\":\"https:\/\/schema.org\",\"@graph\":[{\"@type\":\"WebPage\",\"@id\":\"https:\/\/windrose-beratung.de\/?page_id=64\",\"url\":\"https:\/\/windrose-beratung.de\/?page_id=64\",\"name\":\"Arbeitsweise - Psychologische Beratungspraxis Windrose\",\"isPartOf\":{\"@id\":\"https:\/\/windrose-beratung.de\/#website\"},\"datePublished\":\"2021-03-10T12:39:47+00:00\",\"dateModified\":\"2021-06-02T09:55:59+00:00\",\"breadcrumb\":{\"@id\":\"https:\/\/windrose-beratung.de\/?page_id=64#breadcrumb\"},\"inLanguage\":\"de\",\"potentialAction\":[{\"@type\":\"ReadAction\",\"target\":[\"https:\/\/windrose-beratung.de\/?page_id=64\"]}]},{\"@type\":\"BreadcrumbList\",\"@id\":\"https:\/\/windrose-beratung.de\/?page_id=64#breadcrumb\",\"itemListElement\":[{\"@type\":\"ListItem\",\"position\":1,\"name\":\"Startseite\",\"item\":\"https:\/\/windrose-beratung.de\/\"},{\"@type\":\"ListItem\",\"position\":2,\"name\":\"Arbeitsweise\"}]},{\"@type\":\"WebSite\",\"@id\":\"https:\/\/windrose-beratung.de\/#website\",\"url\":\"https:\/\/windrose-beratung.de\/\",\"name\":\"Psychologische Beratungspraxis Windrose\",\"description\":\"Dipl.P\u00e4d.\/Psych. Sigrun Wunderlich\",\"publisher\":{\"@id\":\"https:\/\/windrose-beratung.de\/#organization\"},\"potentialAction\":[{\"@type\":\"SearchAction\",\"target\":{\"@type\":\"EntryPoint\",\"urlTemplate\":\"https:\/\/windrose-beratung.de\/?s={search_term_string}\"},\"query-input\":\"required name=search_term_string\"}],\"inLanguage\":\"de\"},{\"@type\":\"Organization\",\"@id\":\"https:\/\/windrose-beratung.de\/#organization\",\"name\":\"Psychologische Beratungspraxis Windrose\",\"url\":\"https:\/\/windrose-beratung.de\/\",\"logo\":{\"@type\":\"ImageObject\",\"inLanguage\":\"de\",\"@id\":\"https:\/\/windrose-beratung.de\/#\/schema\/logo\/image\/\",\"url\":\"https:\/\/windrose-beratung.de\/wp-content\/uploads\/2021\/05\/windrose-logo.png\",\"contentUrl\":\"https:\/\/windrose-beratung.de\/wp-content\/uploads\/2021\/05\/windrose-logo.png\",\"width\":520,\"height\":519,\"caption\":\"Psychologische Beratungspraxis Windrose\"},\"image\":{\"@id\":\"https:\/\/windrose-beratung.de\/#\/schema\/logo\/image\/\"}}]}<\/script>\n<!-- \/ Yoast SEO plugin. -->","yoast_head_json":{"title":"Arbeitsweise - Psychologische Beratungspraxis Windrose","robots":{"index":"index","follow":"follow","max-snippet":"max-snippet:-1","max-image-preview":"max-image-preview:large","max-video-preview":"max-video-preview:-1"},"canonical":"https:\/\/windrose-beratung.de\/?page_id=64","og_locale":"de_DE","og_type":"article","og_title":"Arbeitsweise - Psychologische Beratungspraxis Windrose","og_description":"Arbeitsweise 1. Basics: Pr\u00e4zise Planung&nbsp; am Anfang der Sitzung &nbsp;Analyse&nbsp;der letzten Erfahrungen&nbsp;&nbsp; 30%&nbsp;der Aufmerksamkeit&nbsp; f\u00fcr das&nbsp;Problem, 70%&nbsp;f\u00fcr die&nbsp;L\u00f6sung Sie bekommen&nbsp;\u201eHausaufgaben&#8220;&nbsp;als Hilfe zur&nbsp;Selbsthilfe Perspektivenwechsel &#8211; es gibt mehr als nur einen Blickwinkel &nbsp;Zusammenfassung der wichtigsten Gedanken&nbsp;am Schluss der Stunde Ein kurzes&nbsp;Ged\u00e4chtnisprotokoll&nbsp;zum Nacharbeiten bekommen Sie per email 2. Erweiterungsmodule: \u00dcbungen aus dem&nbsp;Autogenen und mentalen Training: sie richten&hellip;&nbsp;Weiterlesen &raquo;Arbeitsweise","og_url":"https:\/\/windrose-beratung.de\/?page_id=64","og_site_name":"Psychologische Beratungspraxis Windrose","article_modified_time":"2021-06-02T09:55:59+00:00","twitter_card":"summary_large_image","twitter_misc":{"Gesch\u00e4tzte Lesezeit":"1\u00a0Minute"},"schema":{"@context":"https:\/\/schema.org","@graph":[{"@type":"WebPage","@id":"https:\/\/windrose-beratung.de\/?page_id=64","url":"https:\/\/windrose-beratung.de\/?page_id=64","name":"Arbeitsweise - Psychologische Beratungspraxis Windrose","isPartOf":{"@id":"https:\/\/windrose-beratung.de\/#website"},"datePublished":"2021-03-10T12:39:47+00:00","dateModified":"2021-06-02T09:55:59+00:00","breadcrumb":{"@id":"https:\/\/windrose-beratung.de\/?page_id=64#breadcrumb"},"inLanguage":"de","potentialAction":[{"@type":"ReadAction","target":["https:\/\/windrose-beratung.de\/?page_id=64"]}]},{"@type":"BreadcrumbList","@id":"https:\/\/windrose-beratung.de\/?page_id=64#breadcrumb","itemListElement":[{"@type":"ListItem","position":1,"name":"Startseite","item":"https:\/\/windrose-beratung.de\/"},{"@type":"ListItem","position":2,"name":"Arbeitsweise"}]},{"@type":"WebSite","@id":"https:\/\/windrose-beratung.de\/#website","url":"https:\/\/windrose-beratung.de\/","name":"Psychologische Beratungspraxis Windrose","description":"Dipl.P\u00e4d.\/Psych. Sigrun Wunderlich","publisher":{"@id":"https:\/\/windrose-beratung.de\/#organization"},"potentialAction":[{"@type":"SearchAction","target":{"@type":"EntryPoint","urlTemplate":"https:\/\/windrose-beratung.de\/?s={search_term_string}"},"query-input":"required name=search_term_string"}],"inLanguage":"de"},{"@type":"Organization","@id":"https:\/\/windrose-beratung.de\/#organization","name":"Psychologische Beratungspraxis Windrose","url":"https:\/\/windrose-beratung.de\/","logo":{"@type":"ImageObject","inLanguage":"de","@id":"https:\/\/windrose-beratung.de\/#\/schema\/logo\/image\/","url":"https:\/\/windrose-beratung.de\/wp-content\/uploads\/2021\/05\/windrose-logo.png","contentUrl":"https:\/\/windrose-beratung.de\/wp-content\/uploads\/2021\/05\/windrose-logo.png","width":520,"height":519,"caption":"Psychologische Beratungspraxis Windrose"},"image":{"@id":"https:\/\/windrose-beratung.de\/#\/schema\/logo\/image\/"}}]}},"_links":{"self":[{"href":"https:\/\/windrose-beratung.de\/index.php?rest_route=\/wp\/v2\/pages\/64"}],"collection":[{"href":"https:\/\/windrose-beratung.de\/index.php?rest_route=\/wp\/v2\/pages"}],"about":[{"href":"https:\/\/windrose-beratung.de\/index.php?rest_route=\/wp\/v2\/types\/page"}],"author":[{"embeddable":true,"href":"https:\/\/windrose-beratung.de\/index.php?rest_route=\/wp\/v2\/users\/3"}],"replies":[{"embeddable":true,"href":"https:\/\/windrose-beratung.de\/index.php?rest_route=%2Fwp%2Fv2%2Fcomments&post=64"}],"version-history":[{"count":120,"href":"https:\/\/windrose-beratung.de\/index.php?rest_route=\/wp\/v2\/pages\/64\/revisions"}],"predecessor-version":[{"id":2563,"href":"https:\/\/windrose-beratung.de\/index.php?rest_route=\/wp\/v2\/pages\/64\/revisions\/2563"}],"wp:attachment":[{"href":"https:\/\/windrose-beratung.de\/index.php?rest_route=%2Fwp%2Fv2%2Fmedia&parent=64"}],"curies":[{"name":"wp","href":"https:\/\/api.w.org\/{rel}","templated":true}]}}