{"id":624,"date":"2021-04-12T16:23:22","date_gmt":"2021-04-12T14:23:22","guid":{"rendered":"http:\/\/windrose-beratung.de\/?page_id=624"},"modified":"2021-05-18T09:21:17","modified_gmt":"2021-05-18T07:21:17","slug":"sigrun-wunderlich","status":"publish","type":"page","link":"https:\/\/windrose-beratung.de\/?page_id=624","title":{"rendered":"\u00dcber mich"},"content":{"rendered":"\n<div class=\"wp-block-cover alignfull has-nv-c-2-background-color has-background-dim is-position-center-center\" style=\"min-height:508px\"><div class=\"wp-block-cover__inner-container\">\n<div class=\"wp-block-columns alignwide is-layout-flex wp-container-5\">\n<div class=\"wp-block-column is-layout-flow\">\n<div style=\"height:160px\" aria-hidden=\"true\" class=\"wp-block-spacer\"><\/div>\n\n\n\n<div class=\"wp-block-columns alignfull is-layout-flex wp-container-3\">\n<div class=\"wp-block-column is-layout-flow\" style=\"flex-basis:15%\">\n<div style=\"height:137px\" aria-hidden=\"true\" class=\"wp-block-spacer\"><\/div>\n<\/div>\n\n\n\n<div class=\"wp-block-column is-layout-flow\" style=\"flex-basis:80%\">\n<h4 class=\"has-nv-text-dark-bg-color has-text-color wp-block-heading\" style=\"font-size:22px\"><strong><strong>Mein therapeutisches Credo:<\/strong><\/strong><\/h4>\n\n\n\n<p class=\"has-nv-text-dark-bg-color has-text-color\" style=\"font-size:50px\"><strong>Lebensfreude,&nbsp;Verantwortlichkeit,<\/strong><\/p>\n\n\n\n<p class=\"has-nv-text-dark-bg-color has-text-color\" style=\"font-size:50px\"><strong>Achtsamkeit&nbsp;und Humor.<\/strong><\/p>\n<\/div>\n<\/div>\n\n\n\n<div style=\"height:100px\" aria-hidden=\"true\" class=\"wp-block-spacer\"><\/div>\n<\/div>\n<\/div>\n<\/div><\/div>\n\n\n\n<div style=\"height:54px\" aria-hidden=\"true\" class=\"wp-block-spacer\"><\/div>\n\n\n\n<div class=\"wp-block-columns alignfull is-layout-flex wp-container-9\">\n<div class=\"wp-block-column is-layout-flow\" style=\"flex-basis:25%\"><\/div>\n\n\n\n<div class=\"wp-block-column is-layout-flow\" style=\"flex-basis:50%\">\n<h2 class=\"wp-block-heading\" id=\"block-0f376679-37c4-4b18-8114-211edfbed72c\">&#8222;Alles im Leben hat seine Zeit, Lachen und Weinen, Anfang und Ende, Gl\u00fcck und Trauer&#8220;.<\/h2>\n\n\n\n<p id=\"block-e9a16bc4-ac1d-4ed2-905e-d76951bad6be\" style=\"font-size:21px\">Leben ist Bewegung und Ver\u00e4nderung, und&nbsp;jeder Tag eine neue Chance!<\/p>\n\n\n\n<h2 class=\"wp-block-heading\" id=\"block-0bc35a4d-b440-4e3b-b7a2-06fd39fc5840\">Was bringe ich mit?<\/h2>\n\n\n\n<ul id=\"block-8559b635-e4d2-436c-96d3-4e79a5fc4781\"><li>20&nbsp;Jahre Erfahrung als Psychotherapeutin in eigener Praxis&nbsp;<\/li><li>Langj\u00e4hrige Erfahrung in der Arbeit mit hoch begabten Kindern, Jugendlichen und Erwachsenen<\/li><li>Seit zehn Jahren Coaching und Beratung f\u00fcr Paare<\/li><li>Die Ausbildung zur zertifizierten Gruppenleiterin f\u00fcr<br>Autogenes Training bei Dr. Gudrun Winkler, BDP<\/li><li>Kursleitererfahrung&nbsp;zur Pr\u00fcfungsvorbereitung an Schulen<\/li><li>Die Ausbildung zur Kunsttherapeutin bei der APAKT, M\u00fcnchen<\/li><li>Die Arbeit als klinische Kunsttherapeutin an der Klinik \u201eFr\u00e4nkische Saale&#8220;,<br>Bad Neustadt, Saale<\/li><li>Einf\u00fchlungsverm\u00f6gen, Abgrenzungsf\u00e4higkeit und Liebe zu meinem Beruf<\/li><\/ul>\n\n\n\n<div style=\"height:100px\" aria-hidden=\"true\" class=\"wp-block-spacer\"><\/div>\n\n\n\n<figure class=\"wp-block-image size-large is-style-default\"><img decoding=\"async\" loading=\"lazy\" width=\"1024\" height=\"1003\" src=\"https:\/\/windrose-beratung.de\/wp-content\/uploads\/2021\/05\/IMG_9049-1024x1003.jpg\" alt=\"\" class=\"wp-image-2120\" srcset=\"https:\/\/windrose-beratung.de\/wp-content\/uploads\/2021\/05\/IMG_9049-1024x1003.jpg 1024w, https:\/\/windrose-beratung.de\/wp-content\/uploads\/2021\/05\/IMG_9049-300x294.jpg 300w, https:\/\/windrose-beratung.de\/wp-content\/uploads\/2021\/05\/IMG_9049-768x752.jpg 768w, https:\/\/windrose-beratung.de\/wp-content\/uploads\/2021\/05\/IMG_9049.jpg 1111w\" sizes=\"(max-width: 1024px) 100vw, 1024px\" \/><\/figure>\n\n\n\n<hr class=\"wp-block-separator is-style-default\"\/>\n\n\n\n<p><strong>Ganz sicher:<\/strong> ich liebe meinen Beruf. Ich bin dankbar daf\u00fcr, vor zwanzig Jahren nach einer langen Wanderzeit meine Berufung gefunden zu haben. Meine Leitsterne: Respekt vor allem Leben, die Kraft der Sch\u00f6nheit, der Liebe und der Kreativit\u00e4t.<br>Du bist gerade auf st\u00fcrmischer See unterwegs? Kommt vor. Du hast die St\u00e4rke, dir Unterst\u00fctzung zu holen. Du wei\u00dft: helfen kann ich dir nicht in dem Sinne, deine Probleme f\u00fcr dich zu bew\u00e4ltigen. Aber ich kann dir mit meiner Erfahrung, meinem Wissen und meinem Humor zur Seite stehen und dich dabei begleiten, deine eigenen L\u00f6sungen zu finden. Deinen inneren Kompass, die Sehnsucht nach dir selbst zu entdecken, der dich sicher ans Ziel f\u00fchrt. Auch wenn die Wellen einmal sehr hoch gehen.<br>Mensch sind wunderbare Wesen. Hinrei\u00dfend und nervig. So sind wir eben. Alles andere als perfekt, aber bezaubernd. Mit all unseren W\u00fcnschen und Tr\u00e4umen, unserer Kraft und unserer Hilflosigkeit. Es ist f\u00fcr mich jedes Mal wieder neu faszinierend, dabei sein zu d\u00fcrfen, wenn jemand die Herausforderung annimmt und seinen eigenen Weg findet. Glaub mir, ich kenne die H\u00f6hen und Tiefen des Lebens aus eigener Erfahrung. Das kann ich dir sicher sagen: diese Challenge dauert ein Leben lang. Unsicherheit taucht immer wieder auf, wenn es um erneutes Wachstum geht. Und da ist noch etwas, das ich sicher wei\u00df: wo die Sehnsucht ist, liegt auch unser Potential. Sch\u00f6n, oder? So wird es nie langweilig, denn wir entdecken uns immer wieder neu. Stillstand und Gl\u00fcck passen nur f\u00fcr Momente zusammen.<br>Ich liebe es, aus der F\u00fclle zu sch\u00f6pfen. Deshalb f\u00fcge ich Gedichte, Kunst, Musik, kreatives Schreiben und kleine Events in die gemeinsame Arbeit ein. Immer wieder anders und auf dich zugeschnitten. Die Natur ist f\u00fcr mich eine bezaubernde Co-Therapeutin. Rosen erinnern an die sanfte und doch wehrhafte Kraft der Sch\u00f6nheit. Die Vulkanberge der Rh\u00f6n wecken das innere Feuer. Ein \u00fcberm\u00fctiger Fr\u00fchlingsbach erinnert an Tage der Unbeschwertheit. Der Weg durch die H\u00fcgel zentriert und bringt Ruhe. Woran erinnert dich der Flug des Falken, der Ruf des K\u00e4uzchens? Eine Wanderung unter den Sternen kann zu einer Sternstunde deines pers\u00f6nlichen Wachstums werden.<\/p>\n\n\n\n<p><strong>\u00dcbrigens: mein \u201edu\u201c auf diesen Seiten bedeutet: Augenh\u00f6he. Wie wir uns in der gemeinsamen Arbeit ansprechen, kl\u00e4ren wir zusammen.<\/strong><\/p>\n<\/div>\n\n\n\n<div class=\"wp-block-column is-layout-flow\" style=\"flex-basis:25%\"><\/div>\n<\/div>\n\n\n\n<p><\/p>\n","protected":false},"excerpt":{"rendered":"<p>&#8222;Alles im Leben hat seine Zeit, Lachen und Weinen, Anfang und Ende, Gl\u00fcck und Trauer&#8220;. Leben ist Bewegung und Ver\u00e4nderung, und&nbsp;jeder Tag eine neue Chance! Was bringe ich mit? 20&nbsp;Jahre Erfahrung als Psychotherapeutin in eigener Praxis&nbsp; Langj\u00e4hrige Erfahrung in der Arbeit mit hoch begabten Kindern, Jugendlichen und Erwachsenen Seit zehn Jahren Coaching und Beratung f\u00fcr&hellip;&nbsp;<a href=\"https:\/\/windrose-beratung.de\/?page_id=624\" class=\"\" rel=\"bookmark\">Weiterlesen &raquo;<span class=\"screen-reader-text\">\u00dcber mich<\/span><\/a><\/p>\n","protected":false},"author":3,"featured_media":0,"parent":0,"menu_order":0,"comment_status":"closed","ping_status":"closed","template":"","meta":{"neve_meta_sidebar":"default","neve_meta_container":"full-width","neve_meta_enable_content_width":"on","neve_meta_content_width":80,"neve_meta_title_alignment":"left","neve_meta_author_avatar":"","neve_post_elements_order":"","neve_meta_disable_header":"","neve_meta_disable_footer":"","neve_meta_disable_title":"on"},"yoast_head":"<!-- This site is optimized with the Yoast SEO plugin v20.7 - https:\/\/yoast.com\/wordpress\/plugins\/seo\/ -->\n<title>\u00dcber mich - Psychologische Beratungspraxis Windrose<\/title>\n<meta name=\"robots\" content=\"index, follow, max-snippet:-1, max-image-preview:large, max-video-preview:-1\" \/>\n<link rel=\"canonical\" href=\"https:\/\/windrose-beratung.de\/?page_id=624\" \/>\n<meta property=\"og:locale\" content=\"de_DE\" \/>\n<meta property=\"og:type\" content=\"article\" \/>\n<meta property=\"og:title\" content=\"\u00dcber mich - Psychologische Beratungspraxis Windrose\" \/>\n<meta property=\"og:description\" content=\"&#8222;Alles im Leben hat seine Zeit, Lachen und Weinen, Anfang und Ende, Gl\u00fcck und Trauer&#8220;. Leben ist Bewegung und Ver\u00e4nderung, und&nbsp;jeder Tag eine neue Chance! Was bringe ich mit? 20&nbsp;Jahre Erfahrung als Psychotherapeutin in eigener Praxis&nbsp; Langj\u00e4hrige Erfahrung in der Arbeit mit hoch begabten Kindern, Jugendlichen und Erwachsenen Seit zehn Jahren Coaching und Beratung f\u00fcr&hellip;&nbsp;Weiterlesen &raquo;\u00dcber mich\" \/>\n<meta property=\"og:url\" content=\"https:\/\/windrose-beratung.de\/?page_id=624\" \/>\n<meta property=\"og:site_name\" content=\"Psychologische Beratungspraxis Windrose\" \/>\n<meta property=\"article:modified_time\" content=\"2021-05-18T07:21:17+00:00\" \/>\n<meta property=\"og:image\" content=\"http:\/\/windrose-beratung.de\/wp-content\/uploads\/2021\/05\/IMG_9049-1024x1003.jpg\" \/>\n<meta name=\"twitter:card\" content=\"summary_large_image\" \/>\n<meta name=\"twitter:label1\" content=\"Gesch\u00e4tzte Lesezeit\" \/>\n\t<meta name=\"twitter:data1\" content=\"3\u00a0Minuten\" \/>\n<script type=\"application\/ld+json\" class=\"yoast-schema-graph\">{\"@context\":\"https:\/\/schema.org\",\"@graph\":[{\"@type\":\"WebPage\",\"@id\":\"https:\/\/windrose-beratung.de\/?page_id=624\",\"url\":\"https:\/\/windrose-beratung.de\/?page_id=624\",\"name\":\"\u00dcber mich - Psychologische Beratungspraxis Windrose\",\"isPartOf\":{\"@id\":\"https:\/\/windrose-beratung.de\/#website\"},\"datePublished\":\"2021-04-12T14:23:22+00:00\",\"dateModified\":\"2021-05-18T07:21:17+00:00\",\"breadcrumb\":{\"@id\":\"https:\/\/windrose-beratung.de\/?page_id=624#breadcrumb\"},\"inLanguage\":\"de\",\"potentialAction\":[{\"@type\":\"ReadAction\",\"target\":[\"https:\/\/windrose-beratung.de\/?page_id=624\"]}]},{\"@type\":\"BreadcrumbList\",\"@id\":\"https:\/\/windrose-beratung.de\/?page_id=624#breadcrumb\",\"itemListElement\":[{\"@type\":\"ListItem\",\"position\":1,\"name\":\"Startseite\",\"item\":\"https:\/\/windrose-beratung.de\/\"},{\"@type\":\"ListItem\",\"position\":2,\"name\":\"\u00dcber mich\"}]},{\"@type\":\"WebSite\",\"@id\":\"https:\/\/windrose-beratung.de\/#website\",\"url\":\"https:\/\/windrose-beratung.de\/\",\"name\":\"Psychologische Beratungspraxis Windrose\",\"description\":\"Dipl.P\u00e4d.\/Psych. Sigrun Wunderlich\",\"publisher\":{\"@id\":\"https:\/\/windrose-beratung.de\/#organization\"},\"potentialAction\":[{\"@type\":\"SearchAction\",\"target\":{\"@type\":\"EntryPoint\",\"urlTemplate\":\"https:\/\/windrose-beratung.de\/?s={search_term_string}\"},\"query-input\":\"required name=search_term_string\"}],\"inLanguage\":\"de\"},{\"@type\":\"Organization\",\"@id\":\"https:\/\/windrose-beratung.de\/#organization\",\"name\":\"Psychologische Beratungspraxis Windrose\",\"url\":\"https:\/\/windrose-beratung.de\/\",\"logo\":{\"@type\":\"ImageObject\",\"inLanguage\":\"de\",\"@id\":\"https:\/\/windrose-beratung.de\/#\/schema\/logo\/image\/\",\"url\":\"https:\/\/windrose-beratung.de\/wp-content\/uploads\/2021\/05\/windrose-logo.png\",\"contentUrl\":\"https:\/\/windrose-beratung.de\/wp-content\/uploads\/2021\/05\/windrose-logo.png\",\"width\":520,\"height\":519,\"caption\":\"Psychologische Beratungspraxis Windrose\"},\"image\":{\"@id\":\"https:\/\/windrose-beratung.de\/#\/schema\/logo\/image\/\"}}]}<\/script>\n<!-- \/ Yoast SEO plugin. -->","yoast_head_json":{"title":"\u00dcber mich - Psychologische Beratungspraxis Windrose","robots":{"index":"index","follow":"follow","max-snippet":"max-snippet:-1","max-image-preview":"max-image-preview:large","max-video-preview":"max-video-preview:-1"},"canonical":"https:\/\/windrose-beratung.de\/?page_id=624","og_locale":"de_DE","og_type":"article","og_title":"\u00dcber mich - Psychologische Beratungspraxis Windrose","og_description":"&#8222;Alles im Leben hat seine Zeit, Lachen und Weinen, Anfang und Ende, Gl\u00fcck und Trauer&#8220;. Leben ist Bewegung und Ver\u00e4nderung, und&nbsp;jeder Tag eine neue Chance! Was bringe ich mit? 20&nbsp;Jahre Erfahrung als Psychotherapeutin in eigener Praxis&nbsp; Langj\u00e4hrige Erfahrung in der Arbeit mit hoch begabten Kindern, Jugendlichen und Erwachsenen Seit zehn Jahren Coaching und Beratung f\u00fcr&hellip;&nbsp;Weiterlesen &raquo;\u00dcber mich","og_url":"https:\/\/windrose-beratung.de\/?page_id=624","og_site_name":"Psychologische Beratungspraxis Windrose","article_modified_time":"2021-05-18T07:21:17+00:00","og_image":[{"url":"http:\/\/windrose-beratung.de\/wp-content\/uploads\/2021\/05\/IMG_9049-1024x1003.jpg"}],"twitter_card":"summary_large_image","twitter_misc":{"Gesch\u00e4tzte Lesezeit":"3\u00a0Minuten"},"schema":{"@context":"https:\/\/schema.org","@graph":[{"@type":"WebPage","@id":"https:\/\/windrose-beratung.de\/?page_id=624","url":"https:\/\/windrose-beratung.de\/?page_id=624","name":"\u00dcber mich - Psychologische Beratungspraxis Windrose","isPartOf":{"@id":"https:\/\/windrose-beratung.de\/#website"},"datePublished":"2021-04-12T14:23:22+00:00","dateModified":"2021-05-18T07:21:17+00:00","breadcrumb":{"@id":"https:\/\/windrose-beratung.de\/?page_id=624#breadcrumb"},"inLanguage":"de","potentialAction":[{"@type":"ReadAction","target":["https:\/\/windrose-beratung.de\/?page_id=624"]}]},{"@type":"BreadcrumbList","@id":"https:\/\/windrose-beratung.de\/?page_id=624#breadcrumb","itemListElement":[{"@type":"ListItem","position":1,"name":"Startseite","item":"https:\/\/windrose-beratung.de\/"},{"@type":"ListItem","position":2,"name":"\u00dcber mich"}]},{"@type":"WebSite","@id":"https:\/\/windrose-beratung.de\/#website","url":"https:\/\/windrose-beratung.de\/","name":"Psychologische Beratungspraxis Windrose","description":"Dipl.P\u00e4d.\/Psych. Sigrun Wunderlich","publisher":{"@id":"https:\/\/windrose-beratung.de\/#organization"},"potentialAction":[{"@type":"SearchAction","target":{"@type":"EntryPoint","urlTemplate":"https:\/\/windrose-beratung.de\/?s={search_term_string}"},"query-input":"required name=search_term_string"}],"inLanguage":"de"},{"@type":"Organization","@id":"https:\/\/windrose-beratung.de\/#organization","name":"Psychologische Beratungspraxis Windrose","url":"https:\/\/windrose-beratung.de\/","logo":{"@type":"ImageObject","inLanguage":"de","@id":"https:\/\/windrose-beratung.de\/#\/schema\/logo\/image\/","url":"https:\/\/windrose-beratung.de\/wp-content\/uploads\/2021\/05\/windrose-logo.png","contentUrl":"https:\/\/windrose-beratung.de\/wp-content\/uploads\/2021\/05\/windrose-logo.png","width":520,"height":519,"caption":"Psychologische Beratungspraxis Windrose"},"image":{"@id":"https:\/\/windrose-beratung.de\/#\/schema\/logo\/image\/"}}]}},"_links":{"self":[{"href":"https:\/\/windrose-beratung.de\/index.php?rest_route=\/wp\/v2\/pages\/624"}],"collection":[{"href":"https:\/\/windrose-beratung.de\/index.php?rest_route=\/wp\/v2\/pages"}],"about":[{"href":"https:\/\/windrose-beratung.de\/index.php?rest_route=\/wp\/v2\/types\/page"}],"author":[{"embeddable":true,"href":"https:\/\/windrose-beratung.de\/index.php?rest_route=\/wp\/v2\/users\/3"}],"replies":[{"embeddable":true,"href":"https:\/\/windrose-beratung.de\/index.php?rest_route=%2Fwp%2Fv2%2Fcomments&post=624"}],"version-history":[{"count":76,"href":"https:\/\/windrose-beratung.de\/index.php?rest_route=\/wp\/v2\/pages\/624\/revisions"}],"predecessor-version":[{"id":2342,"href":"https:\/\/windrose-beratung.de\/index.php?rest_route=\/wp\/v2\/pages\/624\/revisions\/2342"}],"wp:attachment":[{"href":"https:\/\/windrose-beratung.de\/index.php?rest_route=%2Fwp%2Fv2%2Fmedia&parent=624"}],"curies":[{"name":"wp","href":"https:\/\/api.w.org\/{rel}","templated":true}]}}