{"id":1065,"date":"2021-05-04T11:54:37","date_gmt":"2021-05-04T09:54:37","guid":{"rendered":"http:\/\/windrose-beratung.de\/?page_id=1065"},"modified":"2021-07-11T15:28:15","modified_gmt":"2021-07-11T13:28:15","slug":"achtsamkeitstraining-in-der-natur","status":"publish","type":"page","link":"https:\/\/windrose-beratung.de\/?page_id=1065","title":{"rendered":"Achtsamkeitstraining in der Natur"},"content":{"rendered":"\n<div class=\"wp-block-cover alignfull has-nv-c-1-background-color has-background-dim has-parallax is-position-center-center\" style=\"background-image:url(https:\/\/windrose-beratung.de\/wp-content\/uploads\/2021\/05\/annie-spratt-NrflUuJJK0I-unsplash-scaled.jpg);min-height:432px\"><div class=\"wp-block-cover__inner-container\">\n<div class=\"wp-block-columns alignwide is-layout-flex wp-container-5\">\n<div class=\"wp-block-column is-layout-flow\">\n<div style=\"height:44px\" aria-hidden=\"true\" class=\"wp-block-spacer\"><\/div>\n\n\n\n<div class=\"wp-block-columns is-layout-flex wp-container-2\">\n<div class=\"wp-block-column is-layout-flow\">\n<h1 class=\"wp-block-heading\" style=\"font-size:30px\"><span class=\"has-inline-color has-nv-site-bg-color\">Achtsamkeitstraining in der Natur<\/span><\/h1>\n\n\n\n<p class=\"has-medium-font-size\"><span class=\"has-inline-color has-nv-text-dark-bg-color\">Unsere Zivilisation entwickelt sich immer weiter weg von der Natur \u2013 vielleicht kommt daher die Sehnsucht nach ihr, die viele Menschen sp\u00fcren?<\/span><\/p>\n<\/div>\n<\/div>\n<\/div>\n\n\n\n<div class=\"wp-block-column is-layout-flow\" style=\"flex-basis:12%\">\n<div style=\"height:100px\" aria-hidden=\"true\" class=\"wp-block-spacer\"><\/div>\n<\/div>\n<\/div>\n<\/div><\/div>\n\n\n\n<div style=\"height:100px\" aria-hidden=\"true\" class=\"wp-block-spacer\"><\/div>\n\n\n\n<div class=\"wp-block-columns alignfull is-layout-flex wp-container-9\">\n<div class=\"wp-block-column is-layout-flow\" style=\"flex-basis:25%\"><\/div>\n\n\n\n<div class=\"wp-block-column is-layout-flow\" style=\"flex-basis:50%\">\n<p class=\"has-drop-cap\">Stell dir vor, du w\u00e4rest in diesem Moment auf einem der Pfade unterwegs, die die<strong> Hochrh\u00f6n<\/strong> durchziehen. Du schaust ins Weite, elegante dunkelblaue Bergz\u00fcge entf\u00fchren deinen Blick zu einem Farbspiel am Horizont, rot und orange f\u00e4rbt die untergehende Sonne die Wolken. Wind streichelt deine Wangen, rauscht in den Baumkronen, verebbt in Heidekraut und Wildrosengeb\u00fcsch. Ein Bussard zieht seine Bahn. Unter deinen F\u00fc\u00dfen weicher Boden, bedeckt mit kurzem Gras, und weiter weg ein wogendes Blumenmeer. Vogelstimmen. Und wieder der Wind, eine immerw\u00e4hrende Brandung. Du atmest kristallklare Luft und den Duft von Schafgarbe und Thymian\u2026<\/p>\n\n\n\n<p>F\u00fchlst du dich schon von diesem Gedanken ein bisschen erholt? Hast du Lust darauf, tiefe Entspannung zu erleben und bleibende, achtsame Verhaltensweisen zu lernen, die dein Leben bunter, genussvoller, liebevoller und bewusster machen k\u00f6nnen?<\/p>\n\n\n\n<p>Meine Mischung aus <strong>Meditation <\/strong>und<strong> Achtsamkeitstraining in der Natur <\/strong>(nach Charlotte Selver) wirkt wie ein <strong>Kurzurlaub.<\/strong><br>Wir treffen uns an einem Wanderparkplatz und trainieren an deinem jetzigen oder zuk\u00fcnftigen Lieblingsort.<br>Nach John O\u00b4Donohue, einem irischen Poeten und Philosophen, klingen innere und \u00e4u\u00dfere Landschaft miteinander. Welche Musik entsteht in dir beim Blick \u00fcber die Weite der \u201eoffenen Fernen\u201c? Was auch immer \u2013es ist zutiefst DEIN Klang.<\/p>\n<\/div>\n\n\n\n<div class=\"wp-block-column is-layout-flow\" style=\"flex-basis:25%\"><\/div>\n<\/div>\n","protected":false},"excerpt":{"rendered":"<p>Stell dir vor, du w\u00e4rest in diesem Moment auf einem der Pfade unterwegs, die die Hochrh\u00f6n durchziehen. Du schaust ins Weite, elegante dunkelblaue Bergz\u00fcge entf\u00fchren deinen Blick zu einem Farbspiel am Horizont, rot und orange f\u00e4rbt die untergehende Sonne die Wolken. Wind streichelt deine Wangen, rauscht in den Baumkronen, verebbt in Heidekraut und Wildrosengeb\u00fcsch. Ein&hellip;&nbsp;<a href=\"https:\/\/windrose-beratung.de\/?page_id=1065\" class=\"\" rel=\"bookmark\">Weiterlesen &raquo;<span class=\"screen-reader-text\">Achtsamkeitstraining in der Natur<\/span><\/a><\/p>\n","protected":false},"author":3,"featured_media":0,"parent":0,"menu_order":0,"comment_status":"closed","ping_status":"closed","template":"","meta":{"neve_meta_sidebar":"full-width","neve_meta_container":"full-width","neve_meta_enable_content_width":"on","neve_meta_content_width":80,"neve_meta_title_alignment":"","neve_meta_author_avatar":"","neve_post_elements_order":"","neve_meta_disable_header":"","neve_meta_disable_footer":"","neve_meta_disable_title":"on"},"yoast_head":"<!-- This site is optimized with the Yoast SEO plugin v20.7 - https:\/\/yoast.com\/wordpress\/plugins\/seo\/ -->\n<title>Achtsamkeitstraining in der Natur - Psychologische Beratungspraxis Windrose<\/title>\n<meta name=\"robots\" content=\"index, follow, max-snippet:-1, max-image-preview:large, max-video-preview:-1\" \/>\n<link rel=\"canonical\" href=\"https:\/\/windrose-beratung.de\/?page_id=1065\" \/>\n<meta property=\"og:locale\" content=\"de_DE\" \/>\n<meta property=\"og:type\" content=\"article\" \/>\n<meta property=\"og:title\" content=\"Achtsamkeitstraining in der Natur - Psychologische Beratungspraxis Windrose\" \/>\n<meta property=\"og:description\" content=\"Stell dir vor, du w\u00e4rest in diesem Moment auf einem der Pfade unterwegs, die die Hochrh\u00f6n durchziehen. Du schaust ins Weite, elegante dunkelblaue Bergz\u00fcge entf\u00fchren deinen Blick zu einem Farbspiel am Horizont, rot und orange f\u00e4rbt die untergehende Sonne die Wolken. Wind streichelt deine Wangen, rauscht in den Baumkronen, verebbt in Heidekraut und Wildrosengeb\u00fcsch. Ein&hellip;&nbsp;Weiterlesen &raquo;Achtsamkeitstraining in der Natur\" \/>\n<meta property=\"og:url\" content=\"https:\/\/windrose-beratung.de\/?page_id=1065\" \/>\n<meta property=\"og:site_name\" content=\"Psychologische Beratungspraxis Windrose\" \/>\n<meta property=\"article:modified_time\" content=\"2021-07-11T13:28:15+00:00\" \/>\n<meta name=\"twitter:card\" content=\"summary_large_image\" \/>\n<meta name=\"twitter:label1\" content=\"Gesch\u00e4tzte Lesezeit\" \/>\n\t<meta name=\"twitter:data1\" content=\"1\u00a0Minute\" \/>\n<script type=\"application\/ld+json\" class=\"yoast-schema-graph\">{\"@context\":\"https:\/\/schema.org\",\"@graph\":[{\"@type\":\"WebPage\",\"@id\":\"https:\/\/windrose-beratung.de\/?page_id=1065\",\"url\":\"https:\/\/windrose-beratung.de\/?page_id=1065\",\"name\":\"Achtsamkeitstraining in der Natur - Psychologische Beratungspraxis Windrose\",\"isPartOf\":{\"@id\":\"https:\/\/windrose-beratung.de\/#website\"},\"datePublished\":\"2021-05-04T09:54:37+00:00\",\"dateModified\":\"2021-07-11T13:28:15+00:00\",\"breadcrumb\":{\"@id\":\"https:\/\/windrose-beratung.de\/?page_id=1065#breadcrumb\"},\"inLanguage\":\"de\",\"potentialAction\":[{\"@type\":\"ReadAction\",\"target\":[\"https:\/\/windrose-beratung.de\/?page_id=1065\"]}]},{\"@type\":\"BreadcrumbList\",\"@id\":\"https:\/\/windrose-beratung.de\/?page_id=1065#breadcrumb\",\"itemListElement\":[{\"@type\":\"ListItem\",\"position\":1,\"name\":\"Startseite\",\"item\":\"https:\/\/windrose-beratung.de\/\"},{\"@type\":\"ListItem\",\"position\":2,\"name\":\"Achtsamkeitstraining in der Natur\"}]},{\"@type\":\"WebSite\",\"@id\":\"https:\/\/windrose-beratung.de\/#website\",\"url\":\"https:\/\/windrose-beratung.de\/\",\"name\":\"Psychologische Beratungspraxis Windrose\",\"description\":\"Dipl.P\u00e4d.\/Psych. Sigrun Wunderlich\",\"publisher\":{\"@id\":\"https:\/\/windrose-beratung.de\/#organization\"},\"potentialAction\":[{\"@type\":\"SearchAction\",\"target\":{\"@type\":\"EntryPoint\",\"urlTemplate\":\"https:\/\/windrose-beratung.de\/?s={search_term_string}\"},\"query-input\":\"required name=search_term_string\"}],\"inLanguage\":\"de\"},{\"@type\":\"Organization\",\"@id\":\"https:\/\/windrose-beratung.de\/#organization\",\"name\":\"Psychologische Beratungspraxis Windrose\",\"url\":\"https:\/\/windrose-beratung.de\/\",\"logo\":{\"@type\":\"ImageObject\",\"inLanguage\":\"de\",\"@id\":\"https:\/\/windrose-beratung.de\/#\/schema\/logo\/image\/\",\"url\":\"https:\/\/windrose-beratung.de\/wp-content\/uploads\/2021\/05\/windrose-logo.png\",\"contentUrl\":\"https:\/\/windrose-beratung.de\/wp-content\/uploads\/2021\/05\/windrose-logo.png\",\"width\":520,\"height\":519,\"caption\":\"Psychologische Beratungspraxis Windrose\"},\"image\":{\"@id\":\"https:\/\/windrose-beratung.de\/#\/schema\/logo\/image\/\"}}]}<\/script>\n<!-- \/ Yoast SEO plugin. -->","yoast_head_json":{"title":"Achtsamkeitstraining in der Natur - Psychologische Beratungspraxis Windrose","robots":{"index":"index","follow":"follow","max-snippet":"max-snippet:-1","max-image-preview":"max-image-preview:large","max-video-preview":"max-video-preview:-1"},"canonical":"https:\/\/windrose-beratung.de\/?page_id=1065","og_locale":"de_DE","og_type":"article","og_title":"Achtsamkeitstraining in der Natur - Psychologische Beratungspraxis Windrose","og_description":"Stell dir vor, du w\u00e4rest in diesem Moment auf einem der Pfade unterwegs, die die Hochrh\u00f6n durchziehen. Du schaust ins Weite, elegante dunkelblaue Bergz\u00fcge entf\u00fchren deinen Blick zu einem Farbspiel am Horizont, rot und orange f\u00e4rbt die untergehende Sonne die Wolken. Wind streichelt deine Wangen, rauscht in den Baumkronen, verebbt in Heidekraut und Wildrosengeb\u00fcsch. Ein&hellip;&nbsp;Weiterlesen &raquo;Achtsamkeitstraining in der Natur","og_url":"https:\/\/windrose-beratung.de\/?page_id=1065","og_site_name":"Psychologische Beratungspraxis Windrose","article_modified_time":"2021-07-11T13:28:15+00:00","twitter_card":"summary_large_image","twitter_misc":{"Gesch\u00e4tzte Lesezeit":"1\u00a0Minute"},"schema":{"@context":"https:\/\/schema.org","@graph":[{"@type":"WebPage","@id":"https:\/\/windrose-beratung.de\/?page_id=1065","url":"https:\/\/windrose-beratung.de\/?page_id=1065","name":"Achtsamkeitstraining in der Natur - Psychologische Beratungspraxis Windrose","isPartOf":{"@id":"https:\/\/windrose-beratung.de\/#website"},"datePublished":"2021-05-04T09:54:37+00:00","dateModified":"2021-07-11T13:28:15+00:00","breadcrumb":{"@id":"https:\/\/windrose-beratung.de\/?page_id=1065#breadcrumb"},"inLanguage":"de","potentialAction":[{"@type":"ReadAction","target":["https:\/\/windrose-beratung.de\/?page_id=1065"]}]},{"@type":"BreadcrumbList","@id":"https:\/\/windrose-beratung.de\/?page_id=1065#breadcrumb","itemListElement":[{"@type":"ListItem","position":1,"name":"Startseite","item":"https:\/\/windrose-beratung.de\/"},{"@type":"ListItem","position":2,"name":"Achtsamkeitstraining in der Natur"}]},{"@type":"WebSite","@id":"https:\/\/windrose-beratung.de\/#website","url":"https:\/\/windrose-beratung.de\/","name":"Psychologische Beratungspraxis Windrose","description":"Dipl.P\u00e4d.\/Psych. Sigrun Wunderlich","publisher":{"@id":"https:\/\/windrose-beratung.de\/#organization"},"potentialAction":[{"@type":"SearchAction","target":{"@type":"EntryPoint","urlTemplate":"https:\/\/windrose-beratung.de\/?s={search_term_string}"},"query-input":"required name=search_term_string"}],"inLanguage":"de"},{"@type":"Organization","@id":"https:\/\/windrose-beratung.de\/#organization","name":"Psychologische Beratungspraxis Windrose","url":"https:\/\/windrose-beratung.de\/","logo":{"@type":"ImageObject","inLanguage":"de","@id":"https:\/\/windrose-beratung.de\/#\/schema\/logo\/image\/","url":"https:\/\/windrose-beratung.de\/wp-content\/uploads\/2021\/05\/windrose-logo.png","contentUrl":"https:\/\/windrose-beratung.de\/wp-content\/uploads\/2021\/05\/windrose-logo.png","width":520,"height":519,"caption":"Psychologische Beratungspraxis Windrose"},"image":{"@id":"https:\/\/windrose-beratung.de\/#\/schema\/logo\/image\/"}}]}},"_links":{"self":[{"href":"https:\/\/windrose-beratung.de\/index.php?rest_route=\/wp\/v2\/pages\/1065"}],"collection":[{"href":"https:\/\/windrose-beratung.de\/index.php?rest_route=\/wp\/v2\/pages"}],"about":[{"href":"https:\/\/windrose-beratung.de\/index.php?rest_route=\/wp\/v2\/types\/page"}],"author":[{"embeddable":true,"href":"https:\/\/windrose-beratung.de\/index.php?rest_route=\/wp\/v2\/users\/3"}],"replies":[{"embeddable":true,"href":"https:\/\/windrose-beratung.de\/index.php?rest_route=%2Fwp%2Fv2%2Fcomments&post=1065"}],"version-history":[{"count":18,"href":"https:\/\/windrose-beratung.de\/index.php?rest_route=\/wp\/v2\/pages\/1065\/revisions"}],"predecessor-version":[{"id":2583,"href":"https:\/\/windrose-beratung.de\/index.php?rest_route=\/wp\/v2\/pages\/1065\/revisions\/2583"}],"wp:attachment":[{"href":"https:\/\/windrose-beratung.de\/index.php?rest_route=%2Fwp%2Fv2%2Fmedia&parent=1065"}],"curies":[{"name":"wp","href":"https:\/\/api.w.org\/{rel}","templated":true}]}}