{"id":1034,"date":"2021-05-04T10:07:57","date_gmt":"2021-05-04T08:07:57","guid":{"rendered":"http:\/\/windrose-beratung.de\/?page_id=1034"},"modified":"2021-05-18T09:17:20","modified_gmt":"2021-05-18T07:17:20","slug":"paarberatung","status":"publish","type":"page","link":"https:\/\/windrose-beratung.de\/?page_id=1034","title":{"rendered":"Paarberatung"},"content":{"rendered":"\n<div class=\"wp-block-cover alignfull has-background-dim has-background-gradient has-blush-bordeaux-gradient-background is-position-center-center\" style=\"min-height:694px\"><div class=\"wp-block-cover__inner-container\">\n<div class=\"wp-block-columns alignwide is-layout-flex wp-container-5\">\n<div class=\"wp-block-column is-layout-flow\">\n<div style=\"height:44px\" aria-hidden=\"true\" class=\"wp-block-spacer\"><\/div>\n\n\n\n<div class=\"wp-block-columns is-layout-flex wp-container-2\">\n<div class=\"wp-block-column is-layout-flow\">\n<h2 class=\"wp-block-heading\" style=\"font-size:30px\"><span class=\"has-inline-color has-nv-site-bg-color\">\u201eWei\u00dft du noch, Liebling\u2026.?&#8220;<\/span><\/h2>\n\n\n\n<p class=\"has-medium-font-size\"><span class=\"has-inline-color has-nv-text-dark-bg-color\">Als Sie sich kennen lernten, gab es nur Sie beide und Ihr Gl\u00fcck.<br>Lange her, das alles? Sind eben doch&nbsp;Probleme aufgetaucht?&nbsp;Fragen Sie sich vielleicht mittlerweile beide, ob es \u00fcberhaupt noch Sinn hat, zusammen zu bleiben? (Dann h\u00e4tten Sie ja zumindest schon wieder etwas Gemeinsames!)<\/span><\/p>\n\n\n\n<p class=\"has-medium-font-size\"><strong><span class=\"has-inline-color has-nv-text-dark-bg-color\">Ich lade Sie ganz herzlich auf ein Gespr\u00e4ch zu mir ein! Wenn es Ihr Weg ist, arbeiten wir gerne auch gestaltungstherapeutisch<\/span><\/strong><\/p>\n\n\n\n<p class=\"has-medium-font-size\"><\/p>\n<\/div>\n<\/div>\n<\/div>\n\n\n\n<div class=\"wp-block-column is-layout-flow\" style=\"flex-basis:12%\">\n<div style=\"height:100px\" aria-hidden=\"true\" class=\"wp-block-spacer\"><\/div>\n<\/div>\n<\/div>\n\n\n\n<p><\/p>\n<\/div><\/div>\n\n\n\n<div style=\"height:100px\" aria-hidden=\"true\" class=\"wp-block-spacer\"><\/div>\n\n\n\n<div class=\"wp-block-columns alignfull is-layout-flex wp-container-9\">\n<div class=\"wp-block-column is-layout-flow\" style=\"flex-basis:25%\"><\/div>\n\n\n\n<div class=\"wp-block-column is-layout-flow\" style=\"flex-basis:50%\">\n<h1 class=\"wp-block-heading\">Paarberatung kann helfen, wenn\u2026<\/h1>\n\n\n\n<ul><li>Sie einen Ausweg aus einer&nbsp; Beziehungskrise suchen<\/li><li>Sie Ermutigung brauchen, sich in Ihrer Partnerschaft neu zu begegnen<\/li><li>Sie das erotische Feuer in Ihrer Partnerschaft wieder zum Brennen bringen m\u00f6chten<\/li><li>Sie mit einem Seitensprung&nbsp; konstruktiv umgehen m\u00f6chten<\/li><li>Sie einander endlich wieder zuh\u00f6ren m\u00f6chten<\/li><li>Sie bleiben m\u00f6chten, aber nicht wissen, wie.<\/li><li>Oder wenn\u2026<\/li><li>Sie sich in Dankbarkeit und Respekt trennen m\u00f6chten&nbsp;&nbsp;&nbsp;<\/li><li>Sie eine gemeinsame Elternschaft, aber keine Paarbeziehung mehr leben m\u00f6chten.<\/li><\/ul>\n\n\n\n<div style=\"height:33px\" aria-hidden=\"true\" class=\"wp-block-spacer\"><\/div>\n\n\n\n<h3 class=\"wp-block-heading\">Recht haben oder gl\u00fccklich sein? Gl\u00fccklich sein, nat\u00fcrlich. Aber\u2026<\/h3>\n\n\n\n<p>Ungeduld. Gereizter Unterton. Verletzter Stolz. Gekr\u00e4nkte Eitelkeit. Verletzungen. Uneingestandene W\u00fcnsche, Bed\u00fcrfnisse und Sehns\u00fcchte. \u00c4ngste. Entt\u00e4uschung. Resignation. Langeweile. Einsamkeit zu zweit.<br>Lange nicht mehr genau hingeh\u00f6rt, genau hingesehen. Ich wei\u00df eh, was du sagen wirst. Na klar, ich wusste, dass du mich wieder entt\u00e4uschen wirst.<br>Wer ist der Mensch, mit dem ich lebe? Was f\u00fcr ein \u201eDu\u201c bin ich? Hat unser \u201eUns\u201c noch eine Chance?<br>Aus langj\u00e4hriger Erfahrung:<br>JA.<br>Wenn Sie aufh\u00f6ren k\u00f6nnen, danach zu suchen, wer \u201eRecht\u201c hat. Das haben Sie n\u00e4mlich beide. Und Ihrer beider Wunsch nach Verst\u00e4ndnis ist nur zu berechtigt.<br><\/p>\n\n\n\n<p><strong>Lassen Sie uns gemeinsam herausfinden, wie Sie sich und Ihre<em>n Partner<\/em>in neu entdecken k\u00f6nnen. In Liebe.<\/strong><\/p>\n\n\n\n<p><\/p>\n<\/div>\n\n\n\n<div class=\"wp-block-column is-layout-flow\" style=\"flex-basis:25%\"><\/div>\n<\/div>\n","protected":false},"excerpt":{"rendered":"<p>Paarberatung kann helfen, wenn\u2026 Sie einen Ausweg aus einer&nbsp; Beziehungskrise suchen Sie Ermutigung brauchen, sich in Ihrer Partnerschaft neu zu begegnen Sie das erotische Feuer in Ihrer Partnerschaft wieder zum Brennen bringen m\u00f6chten Sie mit einem Seitensprung&nbsp; konstruktiv umgehen m\u00f6chten Sie einander endlich wieder zuh\u00f6ren m\u00f6chten Sie bleiben m\u00f6chten, aber nicht wissen, wie. Oder wenn\u2026&hellip;&nbsp;<a href=\"https:\/\/windrose-beratung.de\/?page_id=1034\" class=\"\" rel=\"bookmark\">Weiterlesen &raquo;<span class=\"screen-reader-text\">Paarberatung<\/span><\/a><\/p>\n","protected":false},"author":3,"featured_media":0,"parent":0,"menu_order":0,"comment_status":"closed","ping_status":"closed","template":"","meta":{"neve_meta_sidebar":"full-width","neve_meta_container":"full-width","neve_meta_enable_content_width":"on","neve_meta_content_width":80,"neve_meta_title_alignment":"","neve_meta_author_avatar":"","neve_post_elements_order":"","neve_meta_disable_header":"","neve_meta_disable_footer":"","neve_meta_disable_title":"on"},"yoast_head":"<!-- This site is optimized with the Yoast SEO plugin v20.7 - https:\/\/yoast.com\/wordpress\/plugins\/seo\/ -->\n<title>Paarberatung - Psychologische Beratungspraxis Windrose<\/title>\n<meta name=\"robots\" content=\"index, follow, max-snippet:-1, max-image-preview:large, max-video-preview:-1\" \/>\n<link rel=\"canonical\" href=\"https:\/\/windrose-beratung.de\/?page_id=1034\" \/>\n<meta property=\"og:locale\" content=\"de_DE\" \/>\n<meta property=\"og:type\" content=\"article\" \/>\n<meta property=\"og:title\" content=\"Paarberatung - Psychologische Beratungspraxis Windrose\" \/>\n<meta property=\"og:description\" content=\"Paarberatung kann helfen, wenn\u2026 Sie einen Ausweg aus einer&nbsp; Beziehungskrise suchen Sie Ermutigung brauchen, sich in Ihrer Partnerschaft neu zu begegnen Sie das erotische Feuer in Ihrer Partnerschaft wieder zum Brennen bringen m\u00f6chten Sie mit einem Seitensprung&nbsp; konstruktiv umgehen m\u00f6chten Sie einander endlich wieder zuh\u00f6ren m\u00f6chten Sie bleiben m\u00f6chten, aber nicht wissen, wie. Oder wenn\u2026&hellip;&nbsp;Weiterlesen &raquo;Paarberatung\" \/>\n<meta property=\"og:url\" content=\"https:\/\/windrose-beratung.de\/?page_id=1034\" \/>\n<meta property=\"og:site_name\" content=\"Psychologische Beratungspraxis Windrose\" \/>\n<meta property=\"article:modified_time\" content=\"2021-05-18T07:17:20+00:00\" \/>\n<meta name=\"twitter:card\" content=\"summary_large_image\" \/>\n<meta name=\"twitter:label1\" content=\"Gesch\u00e4tzte Lesezeit\" \/>\n\t<meta name=\"twitter:data1\" content=\"1\u00a0Minute\" \/>\n<script type=\"application\/ld+json\" class=\"yoast-schema-graph\">{\"@context\":\"https:\/\/schema.org\",\"@graph\":[{\"@type\":\"WebPage\",\"@id\":\"https:\/\/windrose-beratung.de\/?page_id=1034\",\"url\":\"https:\/\/windrose-beratung.de\/?page_id=1034\",\"name\":\"Paarberatung - Psychologische Beratungspraxis Windrose\",\"isPartOf\":{\"@id\":\"https:\/\/windrose-beratung.de\/#website\"},\"datePublished\":\"2021-05-04T08:07:57+00:00\",\"dateModified\":\"2021-05-18T07:17:20+00:00\",\"breadcrumb\":{\"@id\":\"https:\/\/windrose-beratung.de\/?page_id=1034#breadcrumb\"},\"inLanguage\":\"de\",\"potentialAction\":[{\"@type\":\"ReadAction\",\"target\":[\"https:\/\/windrose-beratung.de\/?page_id=1034\"]}]},{\"@type\":\"BreadcrumbList\",\"@id\":\"https:\/\/windrose-beratung.de\/?page_id=1034#breadcrumb\",\"itemListElement\":[{\"@type\":\"ListItem\",\"position\":1,\"name\":\"Startseite\",\"item\":\"https:\/\/windrose-beratung.de\/\"},{\"@type\":\"ListItem\",\"position\":2,\"name\":\"Paarberatung\"}]},{\"@type\":\"WebSite\",\"@id\":\"https:\/\/windrose-beratung.de\/#website\",\"url\":\"https:\/\/windrose-beratung.de\/\",\"name\":\"Psychologische Beratungspraxis Windrose\",\"description\":\"Dipl.P\u00e4d.\/Psych. Sigrun Wunderlich\",\"publisher\":{\"@id\":\"https:\/\/windrose-beratung.de\/#organization\"},\"potentialAction\":[{\"@type\":\"SearchAction\",\"target\":{\"@type\":\"EntryPoint\",\"urlTemplate\":\"https:\/\/windrose-beratung.de\/?s={search_term_string}\"},\"query-input\":\"required name=search_term_string\"}],\"inLanguage\":\"de\"},{\"@type\":\"Organization\",\"@id\":\"https:\/\/windrose-beratung.de\/#organization\",\"name\":\"Psychologische Beratungspraxis Windrose\",\"url\":\"https:\/\/windrose-beratung.de\/\",\"logo\":{\"@type\":\"ImageObject\",\"inLanguage\":\"de\",\"@id\":\"https:\/\/windrose-beratung.de\/#\/schema\/logo\/image\/\",\"url\":\"https:\/\/windrose-beratung.de\/wp-content\/uploads\/2021\/05\/windrose-logo.png\",\"contentUrl\":\"https:\/\/windrose-beratung.de\/wp-content\/uploads\/2021\/05\/windrose-logo.png\",\"width\":520,\"height\":519,\"caption\":\"Psychologische Beratungspraxis Windrose\"},\"image\":{\"@id\":\"https:\/\/windrose-beratung.de\/#\/schema\/logo\/image\/\"}}]}<\/script>\n<!-- \/ Yoast SEO plugin. -->","yoast_head_json":{"title":"Paarberatung - Psychologische Beratungspraxis Windrose","robots":{"index":"index","follow":"follow","max-snippet":"max-snippet:-1","max-image-preview":"max-image-preview:large","max-video-preview":"max-video-preview:-1"},"canonical":"https:\/\/windrose-beratung.de\/?page_id=1034","og_locale":"de_DE","og_type":"article","og_title":"Paarberatung - Psychologische Beratungspraxis Windrose","og_description":"Paarberatung kann helfen, wenn\u2026 Sie einen Ausweg aus einer&nbsp; Beziehungskrise suchen Sie Ermutigung brauchen, sich in Ihrer Partnerschaft neu zu begegnen Sie das erotische Feuer in Ihrer Partnerschaft wieder zum Brennen bringen m\u00f6chten Sie mit einem Seitensprung&nbsp; konstruktiv umgehen m\u00f6chten Sie einander endlich wieder zuh\u00f6ren m\u00f6chten Sie bleiben m\u00f6chten, aber nicht wissen, wie. Oder wenn\u2026&hellip;&nbsp;Weiterlesen &raquo;Paarberatung","og_url":"https:\/\/windrose-beratung.de\/?page_id=1034","og_site_name":"Psychologische Beratungspraxis Windrose","article_modified_time":"2021-05-18T07:17:20+00:00","twitter_card":"summary_large_image","twitter_misc":{"Gesch\u00e4tzte Lesezeit":"1\u00a0Minute"},"schema":{"@context":"https:\/\/schema.org","@graph":[{"@type":"WebPage","@id":"https:\/\/windrose-beratung.de\/?page_id=1034","url":"https:\/\/windrose-beratung.de\/?page_id=1034","name":"Paarberatung - Psychologische Beratungspraxis Windrose","isPartOf":{"@id":"https:\/\/windrose-beratung.de\/#website"},"datePublished":"2021-05-04T08:07:57+00:00","dateModified":"2021-05-18T07:17:20+00:00","breadcrumb":{"@id":"https:\/\/windrose-beratung.de\/?page_id=1034#breadcrumb"},"inLanguage":"de","potentialAction":[{"@type":"ReadAction","target":["https:\/\/windrose-beratung.de\/?page_id=1034"]}]},{"@type":"BreadcrumbList","@id":"https:\/\/windrose-beratung.de\/?page_id=1034#breadcrumb","itemListElement":[{"@type":"ListItem","position":1,"name":"Startseite","item":"https:\/\/windrose-beratung.de\/"},{"@type":"ListItem","position":2,"name":"Paarberatung"}]},{"@type":"WebSite","@id":"https:\/\/windrose-beratung.de\/#website","url":"https:\/\/windrose-beratung.de\/","name":"Psychologische Beratungspraxis Windrose","description":"Dipl.P\u00e4d.\/Psych. Sigrun Wunderlich","publisher":{"@id":"https:\/\/windrose-beratung.de\/#organization"},"potentialAction":[{"@type":"SearchAction","target":{"@type":"EntryPoint","urlTemplate":"https:\/\/windrose-beratung.de\/?s={search_term_string}"},"query-input":"required name=search_term_string"}],"inLanguage":"de"},{"@type":"Organization","@id":"https:\/\/windrose-beratung.de\/#organization","name":"Psychologische Beratungspraxis Windrose","url":"https:\/\/windrose-beratung.de\/","logo":{"@type":"ImageObject","inLanguage":"de","@id":"https:\/\/windrose-beratung.de\/#\/schema\/logo\/image\/","url":"https:\/\/windrose-beratung.de\/wp-content\/uploads\/2021\/05\/windrose-logo.png","contentUrl":"https:\/\/windrose-beratung.de\/wp-content\/uploads\/2021\/05\/windrose-logo.png","width":520,"height":519,"caption":"Psychologische Beratungspraxis Windrose"},"image":{"@id":"https:\/\/windrose-beratung.de\/#\/schema\/logo\/image\/"}}]}},"_links":{"self":[{"href":"https:\/\/windrose-beratung.de\/index.php?rest_route=\/wp\/v2\/pages\/1034"}],"collection":[{"href":"https:\/\/windrose-beratung.de\/index.php?rest_route=\/wp\/v2\/pages"}],"about":[{"href":"https:\/\/windrose-beratung.de\/index.php?rest_route=\/wp\/v2\/types\/page"}],"author":[{"embeddable":true,"href":"https:\/\/windrose-beratung.de\/index.php?rest_route=\/wp\/v2\/users\/3"}],"replies":[{"embeddable":true,"href":"https:\/\/windrose-beratung.de\/index.php?rest_route=%2Fwp%2Fv2%2Fcomments&post=1034"}],"version-history":[{"count":19,"href":"https:\/\/windrose-beratung.de\/index.php?rest_route=\/wp\/v2\/pages\/1034\/revisions"}],"predecessor-version":[{"id":2332,"href":"https:\/\/windrose-beratung.de\/index.php?rest_route=\/wp\/v2\/pages\/1034\/revisions\/2332"}],"wp:attachment":[{"href":"https:\/\/windrose-beratung.de\/index.php?rest_route=%2Fwp%2Fv2%2Fmedia&parent=1034"}],"curies":[{"name":"wp","href":"https:\/\/api.w.org\/{rel}","templated":true}]}}